{"id":4061,"date":"2023-11-09T19:15:03","date_gmt":"2023-11-09T18:15:03","guid":{"rendered":"https:\/\/maxirodriguez.net\/?page_id=4061"},"modified":"2023-11-09T19:15:03","modified_gmt":"2023-11-09T18:15:03","slug":"actor-de-teatro","status":"publish","type":"page","link":"https:\/\/maxirodriguez.net\/en\/theater-actor\/","title":{"rendered":"Theater Actor"},"content":{"rendered":"<div data-elementor-type=\"wp-page\" data-elementor-id=\"4061\" class=\"elementor elementor-4061\" data-elementor-post-type=\"page\">\n\t\t\t\t\t\t<section class=\"elementor-section elementor-top-section elementor-element elementor-element-f847398 elementor-section-full_width elementor-section-height-default elementor-section-height-default\" data-id=\"f847398\" data-element_type=\"section\">\n\t\t\t\t\t\t<div class=\"elementor-container elementor-column-gap-default\">\n\t\t\t\t\t<div class=\"elementor-column elementor-col-100 elementor-top-column elementor-element elementor-element-9a97759\" data-id=\"9a97759\" data-element_type=\"column\">\n\t\t\t<div class=\"elementor-widget-wrap elementor-element-populated\">\n\t\t\t\t\t\t<div class=\"elementor-element elementor-element-cdf2310 elementor-widget__width-auto elementor-mobile-align-center elementor-widget-mobile__width-auto elementor-widget elementor-widget-breadcrumbs\" data-id=\"cdf2310\" data-element_type=\"widget\" data-widget_type=\"breadcrumbs.default\">\n\t\t\t\t<div class=\"elementor-widget-container\">\n\t\t\t\t\t<p id=\"breadcrumbs\"><span><span><a href=\"https:\/\/maxirodriguez.net\/en\">Start<\/a><\/span><\/span><\/p>\t\t\t\t<\/div>\n\t\t\t\t<\/div>\n\t\t\t\t<div class=\"elementor-element elementor-element-cb79bd5 elementor-invisible elementor-widget elementor-widget-heading\" data-id=\"cb79bd5\" data-element_type=\"widget\" data-settings=\"{&quot;_animation&quot;:&quot;fadeInUp&quot;}\" data-widget_type=\"heading.default\">\n\t\t\t\t<div class=\"elementor-widget-container\">\n\t\t\t\t\t<h1 class=\"elementor-heading-title elementor-size-default\">Theater Actor<\/h1>\t\t\t\t<\/div>\n\t\t\t\t<\/div>\n\t\t\t\t<div class=\"elementor-element elementor-element-df08ef1 elementor-widget-divider--view-line elementor-widget elementor-widget-divider\" data-id=\"df08ef1\" data-element_type=\"widget\" data-widget_type=\"divider.default\">\n\t\t\t\t<div class=\"elementor-widget-container\">\n\t\t\t\t\t\t\t<div class=\"elementor-divider\">\n\t\t\t<span class=\"elementor-divider-separator\">\n\t\t\t\t\t\t<\/span>\n\t\t<\/div>\n\t\t\t\t\t\t<\/div>\n\t\t\t\t<\/div>\n\t\t\t\t\t<\/div>\n\t\t<\/div>\n\t\t\t\t\t<\/div>\n\t\t<\/section>\n\t\t\t\t<section class=\"elementor-section elementor-top-section elementor-element elementor-element-5a8574d elementor-section-boxed elementor-section-height-default elementor-section-height-default\" data-id=\"5a8574d\" data-element_type=\"section\">\n\t\t\t\t\t\t<div class=\"elementor-container elementor-column-gap-default\">\n\t\t\t\t\t<div class=\"elementor-column elementor-col-100 elementor-top-column elementor-element elementor-element-2478f75\" data-id=\"2478f75\" data-element_type=\"column\">\n\t\t\t<div class=\"elementor-widget-wrap elementor-element-populated\">\n\t\t\t\t\t\t<div class=\"elementor-element elementor-element-c940836 elementor-widget elementor-widget-text-editor\" data-id=\"c940836\" data-element_type=\"widget\" data-widget_type=\"text-editor.default\">\n\t\t\t\t<div class=\"elementor-widget-container\">\n\t\t\t\t\t\t\t\t\t<h3><strong style=\"color: var( --e-global-color-text ); font-family: var( --e-global-typography-text-font-family ), Sans-serif; font-size: var( --e-global-typography-text-font-size );\"><span style=\"color: #993300;\">In Spain<\/span><\/strong><\/h3><ul><li><strong>Long wait<\/strong> by Juan Antonio Concrete<br \/>(Mar\u00eda Guerrero Theater, ADE 2000 awards ceremony)<\/li><li><strong>Arsenic please<\/strong> directed by Gonz\u00e1lo Suarez<br \/>(Teatro La Latina, 2003 and national tour.<\/li><li><strong>Implication of the heart or the mockery of D. Pantal\u00f3n<\/strong><br \/>(First Prize in the Regional Theater Competition, 1983)<\/li><li><strong>Comedy called Armelina by Lope de Rueda<\/strong><br \/>(Selected for the Interautonomic phase of the National Classical Theater Meeting. Orense, 1984)<\/li><li><strong>Waves<\/strong> by Maxi Rodr\u00edguez<br \/>(Premio Nacional \u00abEspiga de Oro\u00bb de Guadalajara, 1985 y obra representante del Principado de Asturias en la fase final del Encuentro Juvenil de Teatro Contempor\u00e1neo en Badajoz, 1986)<\/li><li><strong>Papajei<\/strong><br \/>(Collective street show)<\/li><li><strong>Hey, hey, hey<\/strong> by Maxi Rodr\u00edguez<\/li><li><strong>In high sea<\/strong> by S. Mrozek<\/li><li><strong>The Guest<\/strong> by M. Mediero<\/li><li><strong>Charlotte Corday<\/strong> by Etelvino V\u00e1zquez<br \/>(Show premiered at the Ciudad Real International Festival and participant in the Asturian Theater Exhibition in Madrid)<\/li><li><strong>Mine Coitus or the BUP epic<\/strong> by Maxi Rodr\u00edguez. Borne Award Director: E. V\u00e1zquez.<br \/>(Show premiered at the Campoamor Theater in Oviedo within the New Young Spanish Theater Exhibition, 1988)<\/li><li><strong>Hallucinate, Colombina<\/strong> by Maxi Rodr\u00edguez.<br \/>(Obra infantil de Commedia dell&#8217;Arte representada durante m\u00e1s de tres a\u00f1os por pueblos y villas del Principado en campa\u00f1as como \u00abAsturias cultural\u00bb, \u00abJornadas teatrales\u00bb y \u00abAsturias en primavera\u00bb)<\/li><\/ul><p><strong><span style=\"color: #993300;\">In Italy<\/span><\/strong><\/p><ul><li><strong>Ciao, trip<\/strong><br \/>(Prato, Florence, 1987)<\/li><li><strong>Seratta Finale<\/strong><br \/>(Reggio Emilia,1988)<\/li><\/ul>\t\t\t\t\t\t\t\t<\/div>\n\t\t\t\t<\/div>\n\t\t\t\t\t<\/div>\n\t\t<\/div>\n\t\t\t\t\t<\/div>\n\t\t<\/section>\n\t\t\t\t<section class=\"elementor-section elementor-top-section elementor-element elementor-element-4a70ccc elementor-section-boxed elementor-section-height-default elementor-section-height-default\" data-id=\"4a70ccc\" data-element_type=\"section\">\n\t\t\t\t\t\t<div class=\"elementor-container elementor-column-gap-default\">\n\t\t\t\t\t<div class=\"elementor-column elementor-col-100 elementor-top-column elementor-element elementor-element-f0bed8d\" data-id=\"f0bed8d\" data-element_type=\"column\">\n\t\t\t<div class=\"elementor-widget-wrap elementor-element-populated\">\n\t\t\t\t\t\t<div class=\"elementor-element elementor-element-bbb14db elementor-align-center elementor-widget elementor-widget-button\" data-id=\"bbb14db\" data-element_type=\"widget\" data-widget_type=\"button.default\">\n\t\t\t\t<div class=\"elementor-widget-container\">\n\t\t\t\t\t\t\t\t\t<div class=\"elementor-button-wrapper\">\n\t\t\t\t\t<a class=\"elementor-button elementor-button-link elementor-size-md elementor-animation-grow\" href=\"https:\/\/maxirodriguez.net\/en\/contact\/\">\n\t\t\t\t\t\t<span class=\"elementor-button-content-wrapper\">\n\t\t\t\t\t\t\t\t\t<span class=\"elementor-button-text\">Talk later?<\/span>\n\t\t\t\t\t<\/span>\n\t\t\t\t\t<\/a>\n\t\t\t\t<\/div>\n\t\t\t\t\t\t\t\t<\/div>\n\t\t\t\t<\/div>\n\t\t\t\t\t<\/div>\n\t\t<\/div>\n\t\t\t\t\t<\/div>\n\t\t<\/section>\n\t\t\t\t<\/div>","protected":false},"excerpt":{"rendered":"<p>Actor de Teatro En Espa\u00f1a Larga Espera de Juan Antonio Hormig\u00f3n(Teatro Mar\u00eda Guerrero, entrega de premios ADE 2000) Ars\u00e9nico, por favor dirigido por Gonz\u00e1lo Suarez(Teatro La Latina, 2003 y gira nacional. Embrollo de coraz\u00f3n o la burla de D. Pantal\u00f3n(Primer Premio en el Certamen Regional de teatro, 1983) Comedia llamada Armelina de Lope de Rueda(Seleccionada [&hellip;]<\/p>","protected":false},"author":4,"featured_media":14097,"parent":0,"menu_order":13,"comment_status":"closed","ping_status":"closed","template":"elementor_header_footer","meta":{"_joinchat":[],"footnotes":""},"class_list":["post-4061","page","type-page","status-publish","has-post-thumbnail","hentry"],"yoast_head":"<!-- This site is optimized with the Yoast SEO plugin v24.4 - https:\/\/yoast.com\/wordpress\/plugins\/seo\/ -->\n<title>Actor de Teatro | Maxi Rodr\u00edguez<\/title>\n<meta name=\"description\" content=\"Actor, guionista, profesor de comunicaci\u00f3n y expresi\u00f3n dram\u00e1tica y director de escena.\" \/>\n<meta name=\"robots\" content=\"index, follow, max-snippet:-1, max-image-preview:large, max-video-preview:-1\" \/>\n<link rel=\"canonical\" href=\"https:\/\/maxirodriguez.net\/en\/theater-actor\/\" \/>\n<meta property=\"og:locale\" content=\"en_US\" \/>\n<meta property=\"og:type\" content=\"article\" \/>\n<meta property=\"og:title\" content=\"Actor de Teatro | Maxi Rodr\u00edguez\" \/>\n<meta property=\"og:description\" content=\"Actor, guionista, profesor de comunicaci\u00f3n y expresi\u00f3n dram\u00e1tica y director de escena.\" \/>\n<meta property=\"og:url\" content=\"https:\/\/maxirodriguez.net\/en\/theater-actor\/\" \/>\n<meta property=\"og:site_name\" content=\"Maxi Rodr\u00edguez\" \/>\n<meta property=\"og:image\" content=\"https:\/\/maxirodriguez.net\/wp-content\/uploads\/2023\/11\/captura-de-pantalla-2023-11-09-a-las-19.08.48-1024x956.png\" \/>\n\t<meta property=\"og:image:width\" content=\"1024\" \/>\n\t<meta property=\"og:image:height\" content=\"956\" \/>\n\t<meta property=\"og:image:type\" content=\"image\/png\" \/>\n<meta name=\"twitter:card\" content=\"summary_large_image\" \/>\n<script type=\"application\/ld+json\" class=\"yoast-schema-graph\">{\"@context\":\"https:\/\/schema.org\",\"@graph\":[{\"@type\":\"WebPage\",\"@id\":\"https:\/\/maxirodriguez.net\/actor-de-teatro\/\",\"url\":\"https:\/\/maxirodriguez.net\/actor-de-teatro\/\",\"name\":\"Actor de Teatro | Maxi Rodr\u00edguez\",\"isPartOf\":{\"@id\":\"https:\/\/maxirodriguez.net\/#website\"},\"primaryImageOfPage\":{\"@id\":\"https:\/\/maxirodriguez.net\/actor-de-teatro\/#primaryimage\"},\"image\":{\"@id\":\"https:\/\/maxirodriguez.net\/actor-de-teatro\/#primaryimage\"},\"thumbnailUrl\":\"https:\/\/maxirodriguez.net\/wp-content\/uploads\/2023\/11\/captura-de-pantalla-2023-11-09-a-las-19.08.48.png\",\"datePublished\":\"2023-11-09T18:15:03+00:00\",\"description\":\"Actor, guionista, profesor de comunicaci\u00f3n y expresi\u00f3n dram\u00e1tica y director de escena.\",\"breadcrumb\":{\"@id\":\"https:\/\/maxirodriguez.net\/actor-de-teatro\/#breadcrumb\"},\"inLanguage\":\"en-US\",\"potentialAction\":[{\"@type\":\"ReadAction\",\"target\":[\"https:\/\/maxirodriguez.net\/actor-de-teatro\/\"]}]},{\"@type\":\"ImageObject\",\"inLanguage\":\"en-US\",\"@id\":\"https:\/\/maxirodriguez.net\/actor-de-teatro\/#primaryimage\",\"url\":\"https:\/\/maxirodriguez.net\/wp-content\/uploads\/2023\/11\/captura-de-pantalla-2023-11-09-a-las-19.08.48.png\",\"contentUrl\":\"https:\/\/maxirodriguez.net\/wp-content\/uploads\/2023\/11\/captura-de-pantalla-2023-11-09-a-las-19.08.48.png\",\"width\":1508,\"height\":1408},{\"@type\":\"BreadcrumbList\",\"@id\":\"https:\/\/maxirodriguez.net\/actor-de-teatro\/#breadcrumb\",\"itemListElement\":[{\"@type\":\"ListItem\",\"position\":1,\"name\":\"Inicio\",\"item\":\"https:\/\/maxirodriguez.net\/\"},{\"@type\":\"ListItem\",\"position\":2,\"name\":\"Actor de Teatro\"}]},{\"@type\":\"WebSite\",\"@id\":\"https:\/\/maxirodriguez.net\/#website\",\"url\":\"https:\/\/maxirodriguez.net\/\",\"name\":\"Maxi Rodr\u00edguez\",\"description\":\"Dramaturgo, actor, guionista, escritor, director de escena...\",\"publisher\":{\"@id\":\"https:\/\/maxirodriguez.net\/#organization\"},\"potentialAction\":[{\"@type\":\"SearchAction\",\"target\":{\"@type\":\"EntryPoint\",\"urlTemplate\":\"https:\/\/maxirodriguez.net\/?s={search_term_string}\"},\"query-input\":{\"@type\":\"PropertyValueSpecification\",\"valueRequired\":true,\"valueName\":\"search_term_string\"}}],\"inLanguage\":\"en-US\"},{\"@type\":\"Organization\",\"@id\":\"https:\/\/maxirodriguez.net\/#organization\",\"name\":\"Maxi Rodr\u00edguez\",\"url\":\"https:\/\/maxirodriguez.net\/\",\"logo\":{\"@type\":\"ImageObject\",\"inLanguage\":\"en-US\",\"@id\":\"https:\/\/maxirodriguez.net\/#\/schema\/logo\/image\/\",\"url\":\"https:\/\/maxirodriguez.net\/wp-content\/uploads\/2023\/11\/captura-de-pantalla-2023-11-09-a-las-19.08.48-1024x956.png\",\"contentUrl\":\"https:\/\/maxirodriguez.net\/wp-content\/uploads\/2023\/11\/captura-de-pantalla-2023-11-09-a-las-19.08.48-1024x956.png\",\"width\":1024,\"height\":956,\"caption\":\"Maxi Rodr\u00edguez\"},\"image\":{\"@id\":\"https:\/\/maxirodriguez.net\/#\/schema\/logo\/image\/\"}}]}<\/script>\n<!-- \/ Yoast SEO plugin. -->","yoast_head_json":{"title":"Actor de Teatro | Maxi Rodr\u00edguez","description":"Actor, guionista, profesor de comunicaci\u00f3n y expresi\u00f3n dram\u00e1tica y director de escena.","robots":{"index":"index","follow":"follow","max-snippet":"max-snippet:-1","max-image-preview":"max-image-preview:large","max-video-preview":"max-video-preview:-1"},"canonical":"https:\/\/maxirodriguez.net\/en\/theater-actor\/","og_locale":"en_US","og_type":"article","og_title":"Actor de Teatro | Maxi Rodr\u00edguez","og_description":"Actor, guionista, profesor de comunicaci\u00f3n y expresi\u00f3n dram\u00e1tica y director de escena.","og_url":"https:\/\/maxirodriguez.net\/en\/theater-actor\/","og_site_name":"Maxi Rodr\u00edguez","og_image":[{"width":1024,"height":956,"url":"https:\/\/maxirodriguez.net\/wp-content\/uploads\/2023\/11\/captura-de-pantalla-2023-11-09-a-las-19.08.48-1024x956.png","type":"image\/png"}],"twitter_card":"summary_large_image","schema":{"@context":"https:\/\/schema.org","@graph":[{"@type":"WebPage","@id":"https:\/\/maxirodriguez.net\/actor-de-teatro\/","url":"https:\/\/maxirodriguez.net\/actor-de-teatro\/","name":"Actor de Teatro | Maxi Rodr\u00edguez","isPartOf":{"@id":"https:\/\/maxirodriguez.net\/#website"},"primaryImageOfPage":{"@id":"https:\/\/maxirodriguez.net\/actor-de-teatro\/#primaryimage"},"image":{"@id":"https:\/\/maxirodriguez.net\/actor-de-teatro\/#primaryimage"},"thumbnailUrl":"https:\/\/maxirodriguez.net\/wp-content\/uploads\/2023\/11\/captura-de-pantalla-2023-11-09-a-las-19.08.48.png","datePublished":"2023-11-09T18:15:03+00:00","description":"Actor, guionista, profesor de comunicaci\u00f3n y expresi\u00f3n dram\u00e1tica y director de escena.","breadcrumb":{"@id":"https:\/\/maxirodriguez.net\/actor-de-teatro\/#breadcrumb"},"inLanguage":"en-US","potentialAction":[{"@type":"ReadAction","target":["https:\/\/maxirodriguez.net\/actor-de-teatro\/"]}]},{"@type":"ImageObject","inLanguage":"en-US","@id":"https:\/\/maxirodriguez.net\/actor-de-teatro\/#primaryimage","url":"https:\/\/maxirodriguez.net\/wp-content\/uploads\/2023\/11\/captura-de-pantalla-2023-11-09-a-las-19.08.48.png","contentUrl":"https:\/\/maxirodriguez.net\/wp-content\/uploads\/2023\/11\/captura-de-pantalla-2023-11-09-a-las-19.08.48.png","width":1508,"height":1408},{"@type":"BreadcrumbList","@id":"https:\/\/maxirodriguez.net\/actor-de-teatro\/#breadcrumb","itemListElement":[{"@type":"ListItem","position":1,"name":"Inicio","item":"https:\/\/maxirodriguez.net\/"},{"@type":"ListItem","position":2,"name":"Actor de Teatro"}]},{"@type":"WebSite","@id":"https:\/\/maxirodriguez.net\/#website","url":"https:\/\/maxirodriguez.net\/","name":"Maxi Rodr\u00edguez","description":"Dramaturgo, actor, guionista, escritor, director de escena...","publisher":{"@id":"https:\/\/maxirodriguez.net\/#organization"},"potentialAction":[{"@type":"SearchAction","target":{"@type":"EntryPoint","urlTemplate":"https:\/\/maxirodriguez.net\/?s={search_term_string}"},"query-input":{"@type":"PropertyValueSpecification","valueRequired":true,"valueName":"search_term_string"}}],"inLanguage":"en-US"},{"@type":"Organization","@id":"https:\/\/maxirodriguez.net\/#organization","name":"Maxi Rodr\u00edguez","url":"https:\/\/maxirodriguez.net\/","logo":{"@type":"ImageObject","inLanguage":"en-US","@id":"https:\/\/maxirodriguez.net\/#\/schema\/logo\/image\/","url":"https:\/\/maxirodriguez.net\/wp-content\/uploads\/2023\/11\/captura-de-pantalla-2023-11-09-a-las-19.08.48-1024x956.png","contentUrl":"https:\/\/maxirodriguez.net\/wp-content\/uploads\/2023\/11\/captura-de-pantalla-2023-11-09-a-las-19.08.48-1024x956.png","width":1024,"height":956,"caption":"Maxi Rodr\u00edguez"},"image":{"@id":"https:\/\/maxirodriguez.net\/#\/schema\/logo\/image\/"}}]}},"_links":{"self":[{"href":"https:\/\/maxirodriguez.net\/en\/wp-json\/wp\/v2\/pages\/4061","targetHints":{"allow":["GET"]}}],"collection":[{"href":"https:\/\/maxirodriguez.net\/en\/wp-json\/wp\/v2\/pages"}],"about":[{"href":"https:\/\/maxirodriguez.net\/en\/wp-json\/wp\/v2\/types\/page"}],"author":[{"embeddable":true,"href":"https:\/\/maxirodriguez.net\/en\/wp-json\/wp\/v2\/users\/4"}],"replies":[{"embeddable":true,"href":"https:\/\/maxirodriguez.net\/en\/wp-json\/wp\/v2\/comments?post=4061"}],"version-history":[{"count":1,"href":"https:\/\/maxirodriguez.net\/en\/wp-json\/wp\/v2\/pages\/4061\/revisions"}],"predecessor-version":[{"id":14098,"href":"https:\/\/maxirodriguez.net\/en\/wp-json\/wp\/v2\/pages\/4061\/revisions\/14098"}],"wp:featuredmedia":[{"embeddable":true,"href":"https:\/\/maxirodriguez.net\/en\/wp-json\/wp\/v2\/media\/14097"}],"wp:attachment":[{"href":"https:\/\/maxirodriguez.net\/en\/wp-json\/wp\/v2\/media?parent=4061"}],"curies":[{"name":"wp","href":"https:\/\/api.w.org\/{rel}","templated":true}]}}