{"id":4059,"date":"2023-10-02T20:13:05","date_gmt":"2023-10-02T18:13:05","guid":{"rendered":"https:\/\/maxirodriguez.net\/?page_id=4059"},"modified":"2023-11-09T19:11:11","modified_gmt":"2023-11-09T18:11:11","slug":"adaptaciones","status":"publish","type":"page","link":"https:\/\/maxirodriguez.net\/en\/adaptations\/","title":{"rendered":"Adaptations"},"content":{"rendered":"<div data-elementor-type=\"wp-page\" data-elementor-id=\"4059\" class=\"elementor elementor-4059\" data-elementor-post-type=\"page\">\n\t\t\t\t\t\t<section class=\"elementor-section elementor-top-section elementor-element elementor-element-e0a47da elementor-section-full_width elementor-section-height-default elementor-section-height-default\" data-id=\"e0a47da\" data-element_type=\"section\">\n\t\t\t\t\t\t<div class=\"elementor-container elementor-column-gap-default\">\n\t\t\t\t\t<div class=\"elementor-column elementor-col-100 elementor-top-column elementor-element elementor-element-82494c7\" data-id=\"82494c7\" data-element_type=\"column\">\n\t\t\t<div class=\"elementor-widget-wrap elementor-element-populated\">\n\t\t\t\t\t\t<div class=\"elementor-element elementor-element-25bf377 elementor-widget__width-auto elementor-mobile-align-center elementor-widget-mobile__width-auto elementor-widget elementor-widget-breadcrumbs\" data-id=\"25bf377\" data-element_type=\"widget\" data-widget_type=\"breadcrumbs.default\">\n\t\t\t\t<div class=\"elementor-widget-container\">\n\t\t\t\t\t<p id=\"breadcrumbs\"><span><span><a href=\"https:\/\/maxirodriguez.net\/en\">Start<\/a><\/span><\/span><\/p>\t\t\t\t<\/div>\n\t\t\t\t<\/div>\n\t\t\t\t<div class=\"elementor-element elementor-element-fcbbe78 elementor-invisible elementor-widget elementor-widget-heading\" data-id=\"fcbbe78\" data-element_type=\"widget\" data-settings=\"{&quot;_animation&quot;:&quot;fadeInUp&quot;}\" data-widget_type=\"heading.default\">\n\t\t\t\t<div class=\"elementor-widget-container\">\n\t\t\t\t\t<h1 class=\"elementor-heading-title elementor-size-default\">Adaptations<\/h1>\t\t\t\t<\/div>\n\t\t\t\t<\/div>\n\t\t\t\t<div class=\"elementor-element elementor-element-51bef85 elementor-widget-divider--view-line elementor-widget elementor-widget-divider\" data-id=\"51bef85\" data-element_type=\"widget\" data-widget_type=\"divider.default\">\n\t\t\t\t<div class=\"elementor-widget-container\">\n\t\t\t\t\t\t\t<div class=\"elementor-divider\">\n\t\t\t<span class=\"elementor-divider-separator\">\n\t\t\t\t\t\t<\/span>\n\t\t<\/div>\n\t\t\t\t\t\t<\/div>\n\t\t\t\t<\/div>\n\t\t\t\t\t<\/div>\n\t\t<\/div>\n\t\t\t\t\t<\/div>\n\t\t<\/section>\n\t\t\t\t<section class=\"elementor-section elementor-top-section elementor-element elementor-element-a66457b elementor-section-boxed elementor-section-height-default elementor-section-height-default\" data-id=\"a66457b\" data-element_type=\"section\">\n\t\t\t\t\t\t<div class=\"elementor-container elementor-column-gap-default\">\n\t\t\t\t\t<div class=\"elementor-column elementor-col-100 elementor-top-column elementor-element elementor-element-2d3644c\" data-id=\"2d3644c\" data-element_type=\"column\">\n\t\t\t<div class=\"elementor-widget-wrap elementor-element-populated\">\n\t\t\t\t\t\t<div class=\"elementor-element elementor-element-9cc90d3 elementor-widget elementor-widget-text-editor\" data-id=\"9cc90d3\" data-element_type=\"widget\" data-widget_type=\"text-editor.default\">\n\t\t\t\t<div class=\"elementor-widget-container\">\n\t\t\t\t\t\t\t\t\t<ul><li>Spanish version of <b>\u00abCUARTETO PARA CUATRO ACTORES\u00bb<\/b> by B. Shaffer.<ul><li>Show co-produced by the Teatro Nuevo company and the NATIONAL DRAMATIC CENTER and premiered in the Margarita Xirgu room of the Mar\u00eda Guerrero Theater in Madrid.<\/li><\/ul><\/li><\/ul><ul><li>Spanish version of<b> \u00abENSAYOS PARA SIETE\u00bb<\/b> by Boguslaw Shaffer.<ul><li><i><i>Show co-produced by the Almada International Theater Festival (Portugal) and the National Center for New Performing Trends with the collaboration of the NATIONAL DRAMATIC CENTER and the Community of Madrid.<\/i><\/i><\/li><\/ul><\/li><\/ul>\t\t\t\t\t\t\t\t<\/div>\n\t\t\t\t<\/div>\n\t\t\t\t\t<\/div>\n\t\t<\/div>\n\t\t\t\t\t<\/div>\n\t\t<\/section>\n\t\t\t\t<section class=\"elementor-section elementor-top-section elementor-element elementor-element-f4a4719 elementor-section-boxed elementor-section-height-default elementor-section-height-default\" data-id=\"f4a4719\" data-element_type=\"section\">\n\t\t\t\t\t\t<div class=\"elementor-container elementor-column-gap-default\">\n\t\t\t\t\t<div class=\"elementor-column elementor-col-100 elementor-top-column elementor-element elementor-element-ca74e22\" data-id=\"ca74e22\" data-element_type=\"column\">\n\t\t\t<div class=\"elementor-widget-wrap elementor-element-populated\">\n\t\t\t\t\t\t<div class=\"elementor-element elementor-element-b0a4c6e elementor-align-center elementor-widget elementor-widget-button\" data-id=\"b0a4c6e\" data-element_type=\"widget\" data-widget_type=\"button.default\">\n\t\t\t\t<div class=\"elementor-widget-container\">\n\t\t\t\t\t\t\t\t\t<div class=\"elementor-button-wrapper\">\n\t\t\t\t\t<a class=\"elementor-button elementor-button-link elementor-size-md elementor-animation-grow\" href=\"https:\/\/maxirodriguez.net\/en\/contact\/\">\n\t\t\t\t\t\t<span class=\"elementor-button-content-wrapper\">\n\t\t\t\t\t\t\t\t\t<span class=\"elementor-button-text\">Talk later?<\/span>\n\t\t\t\t\t<\/span>\n\t\t\t\t\t<\/a>\n\t\t\t\t<\/div>\n\t\t\t\t\t\t\t\t<\/div>\n\t\t\t\t<\/div>\n\t\t\t\t\t<\/div>\n\t\t<\/div>\n\t\t\t\t\t<\/div>\n\t\t<\/section>\n\t\t\t\t<\/div>","protected":false},"excerpt":{"rendered":"<p>Adaptaciones Versi\u00f3n espa\u00f1ola de \u00abCUARTETO PARA CUATRO ACTORES\u00bb de B. Shaffer. Espect\u00e1culo coproducido por la compa\u00f1\u00eda Teatro Nuevo y el CENTRO DRAM\u00c1TICO NACIONAL y estrenado en la sala Margarita Xirgu del Teatro Mar\u00eda Guerrero de Madrid. Versi\u00f3n espa\u00f1ola de \u00abENSAYOS PARA SIETE\u00bb de Boguslaw Shaffer. Espect\u00e1culo coproducido por el Festival Internacional de Teatro de Almada [&hellip;]<\/p>","protected":false},"author":4,"featured_media":14097,"parent":0,"menu_order":17,"comment_status":"closed","ping_status":"closed","template":"elementor_header_footer","meta":{"_joinchat":[],"footnotes":""},"class_list":["post-4059","page","type-page","status-publish","has-post-thumbnail","hentry"],"yoast_head":"<!-- This site is optimized with the Yoast SEO plugin v24.4 - https:\/\/yoast.com\/wordpress\/plugins\/seo\/ -->\n<title>Adaptaciones | Maxi Rodr\u00edguez<\/title>\n<meta name=\"description\" content=\"Actor, guionista, profesor de comunicaci\u00f3n y expresi\u00f3n dram\u00e1tica y director de escena.\" \/>\n<meta name=\"robots\" content=\"index, follow, max-snippet:-1, max-image-preview:large, max-video-preview:-1\" \/>\n<link rel=\"canonical\" href=\"https:\/\/maxirodriguez.net\/en\/adaptations\/\" \/>\n<meta property=\"og:locale\" content=\"en_US\" \/>\n<meta property=\"og:type\" content=\"article\" \/>\n<meta property=\"og:title\" content=\"Adaptaciones | Maxi Rodr\u00edguez\" \/>\n<meta property=\"og:description\" content=\"Actor, guionista, profesor de comunicaci\u00f3n y expresi\u00f3n dram\u00e1tica y director de escena.\" \/>\n<meta property=\"og:url\" content=\"https:\/\/maxirodriguez.net\/en\/adaptations\/\" \/>\n<meta property=\"og:site_name\" content=\"Maxi Rodr\u00edguez\" \/>\n<meta property=\"article:modified_time\" content=\"2023-11-09T18:11:11+00:00\" \/>\n<meta property=\"og:image\" content=\"https:\/\/maxirodriguez.net\/wp-content\/uploads\/2023\/11\/captura-de-pantalla-2023-11-09-a-las-19.08.48-1024x956.png\" \/>\n\t<meta property=\"og:image:width\" content=\"1024\" \/>\n\t<meta property=\"og:image:height\" content=\"956\" \/>\n\t<meta property=\"og:image:type\" content=\"image\/png\" \/>\n<meta name=\"twitter:card\" content=\"summary_large_image\" \/>\n<script type=\"application\/ld+json\" class=\"yoast-schema-graph\">{\"@context\":\"https:\/\/schema.org\",\"@graph\":[{\"@type\":\"WebPage\",\"@id\":\"https:\/\/maxirodriguez.net\/adaptaciones\/\",\"url\":\"https:\/\/maxirodriguez.net\/adaptaciones\/\",\"name\":\"Adaptaciones | Maxi Rodr\u00edguez\",\"isPartOf\":{\"@id\":\"https:\/\/maxirodriguez.net\/#website\"},\"primaryImageOfPage\":{\"@id\":\"https:\/\/maxirodriguez.net\/adaptaciones\/#primaryimage\"},\"image\":{\"@id\":\"https:\/\/maxirodriguez.net\/adaptaciones\/#primaryimage\"},\"thumbnailUrl\":\"https:\/\/maxirodriguez.net\/wp-content\/uploads\/2023\/11\/captura-de-pantalla-2023-11-09-a-las-19.08.48.png\",\"datePublished\":\"2023-10-02T18:13:05+00:00\",\"dateModified\":\"2023-11-09T18:11:11+00:00\",\"description\":\"Actor, guionista, profesor de comunicaci\u00f3n y expresi\u00f3n dram\u00e1tica y director de escena.\",\"breadcrumb\":{\"@id\":\"https:\/\/maxirodriguez.net\/adaptaciones\/#breadcrumb\"},\"inLanguage\":\"en-US\",\"potentialAction\":[{\"@type\":\"ReadAction\",\"target\":[\"https:\/\/maxirodriguez.net\/adaptaciones\/\"]}]},{\"@type\":\"ImageObject\",\"inLanguage\":\"en-US\",\"@id\":\"https:\/\/maxirodriguez.net\/adaptaciones\/#primaryimage\",\"url\":\"https:\/\/maxirodriguez.net\/wp-content\/uploads\/2023\/11\/captura-de-pantalla-2023-11-09-a-las-19.08.48.png\",\"contentUrl\":\"https:\/\/maxirodriguez.net\/wp-content\/uploads\/2023\/11\/captura-de-pantalla-2023-11-09-a-las-19.08.48.png\",\"width\":1508,\"height\":1408},{\"@type\":\"BreadcrumbList\",\"@id\":\"https:\/\/maxirodriguez.net\/adaptaciones\/#breadcrumb\",\"itemListElement\":[{\"@type\":\"ListItem\",\"position\":1,\"name\":\"Inicio\",\"item\":\"https:\/\/maxirodriguez.net\/\"},{\"@type\":\"ListItem\",\"position\":2,\"name\":\"Adaptaciones\"}]},{\"@type\":\"WebSite\",\"@id\":\"https:\/\/maxirodriguez.net\/#website\",\"url\":\"https:\/\/maxirodriguez.net\/\",\"name\":\"Maxi Rodr\u00edguez\",\"description\":\"Dramaturgo, actor, guionista, escritor, director de escena...\",\"publisher\":{\"@id\":\"https:\/\/maxirodriguez.net\/#organization\"},\"potentialAction\":[{\"@type\":\"SearchAction\",\"target\":{\"@type\":\"EntryPoint\",\"urlTemplate\":\"https:\/\/maxirodriguez.net\/?s={search_term_string}\"},\"query-input\":{\"@type\":\"PropertyValueSpecification\",\"valueRequired\":true,\"valueName\":\"search_term_string\"}}],\"inLanguage\":\"en-US\"},{\"@type\":\"Organization\",\"@id\":\"https:\/\/maxirodriguez.net\/#organization\",\"name\":\"Maxi Rodr\u00edguez\",\"url\":\"https:\/\/maxirodriguez.net\/\",\"logo\":{\"@type\":\"ImageObject\",\"inLanguage\":\"en-US\",\"@id\":\"https:\/\/maxirodriguez.net\/#\/schema\/logo\/image\/\",\"url\":\"https:\/\/maxirodriguez.net\/wp-content\/uploads\/2023\/11\/captura-de-pantalla-2023-11-09-a-las-19.08.48-1024x956.png\",\"contentUrl\":\"https:\/\/maxirodriguez.net\/wp-content\/uploads\/2023\/11\/captura-de-pantalla-2023-11-09-a-las-19.08.48-1024x956.png\",\"width\":1024,\"height\":956,\"caption\":\"Maxi Rodr\u00edguez\"},\"image\":{\"@id\":\"https:\/\/maxirodriguez.net\/#\/schema\/logo\/image\/\"}}]}<\/script>\n<!-- \/ Yoast SEO plugin. -->","yoast_head_json":{"title":"Adaptaciones | Maxi Rodr\u00edguez","description":"Actor, guionista, profesor de comunicaci\u00f3n y expresi\u00f3n dram\u00e1tica y director de escena.","robots":{"index":"index","follow":"follow","max-snippet":"max-snippet:-1","max-image-preview":"max-image-preview:large","max-video-preview":"max-video-preview:-1"},"canonical":"https:\/\/maxirodriguez.net\/en\/adaptations\/","og_locale":"en_US","og_type":"article","og_title":"Adaptaciones | Maxi Rodr\u00edguez","og_description":"Actor, guionista, profesor de comunicaci\u00f3n y expresi\u00f3n dram\u00e1tica y director de escena.","og_url":"https:\/\/maxirodriguez.net\/en\/adaptations\/","og_site_name":"Maxi Rodr\u00edguez","article_modified_time":"2023-11-09T18:11:11+00:00","og_image":[{"width":1024,"height":956,"url":"https:\/\/maxirodriguez.net\/wp-content\/uploads\/2023\/11\/captura-de-pantalla-2023-11-09-a-las-19.08.48-1024x956.png","type":"image\/png"}],"twitter_card":"summary_large_image","schema":{"@context":"https:\/\/schema.org","@graph":[{"@type":"WebPage","@id":"https:\/\/maxirodriguez.net\/adaptaciones\/","url":"https:\/\/maxirodriguez.net\/adaptaciones\/","name":"Adaptaciones | Maxi Rodr\u00edguez","isPartOf":{"@id":"https:\/\/maxirodriguez.net\/#website"},"primaryImageOfPage":{"@id":"https:\/\/maxirodriguez.net\/adaptaciones\/#primaryimage"},"image":{"@id":"https:\/\/maxirodriguez.net\/adaptaciones\/#primaryimage"},"thumbnailUrl":"https:\/\/maxirodriguez.net\/wp-content\/uploads\/2023\/11\/captura-de-pantalla-2023-11-09-a-las-19.08.48.png","datePublished":"2023-10-02T18:13:05+00:00","dateModified":"2023-11-09T18:11:11+00:00","description":"Actor, guionista, profesor de comunicaci\u00f3n y expresi\u00f3n dram\u00e1tica y director de escena.","breadcrumb":{"@id":"https:\/\/maxirodriguez.net\/adaptaciones\/#breadcrumb"},"inLanguage":"en-US","potentialAction":[{"@type":"ReadAction","target":["https:\/\/maxirodriguez.net\/adaptaciones\/"]}]},{"@type":"ImageObject","inLanguage":"en-US","@id":"https:\/\/maxirodriguez.net\/adaptaciones\/#primaryimage","url":"https:\/\/maxirodriguez.net\/wp-content\/uploads\/2023\/11\/captura-de-pantalla-2023-11-09-a-las-19.08.48.png","contentUrl":"https:\/\/maxirodriguez.net\/wp-content\/uploads\/2023\/11\/captura-de-pantalla-2023-11-09-a-las-19.08.48.png","width":1508,"height":1408},{"@type":"BreadcrumbList","@id":"https:\/\/maxirodriguez.net\/adaptaciones\/#breadcrumb","itemListElement":[{"@type":"ListItem","position":1,"name":"Inicio","item":"https:\/\/maxirodriguez.net\/"},{"@type":"ListItem","position":2,"name":"Adaptaciones"}]},{"@type":"WebSite","@id":"https:\/\/maxirodriguez.net\/#website","url":"https:\/\/maxirodriguez.net\/","name":"Maxi Rodr\u00edguez","description":"Dramaturgo, actor, guionista, escritor, director de escena...","publisher":{"@id":"https:\/\/maxirodriguez.net\/#organization"},"potentialAction":[{"@type":"SearchAction","target":{"@type":"EntryPoint","urlTemplate":"https:\/\/maxirodriguez.net\/?s={search_term_string}"},"query-input":{"@type":"PropertyValueSpecification","valueRequired":true,"valueName":"search_term_string"}}],"inLanguage":"en-US"},{"@type":"Organization","@id":"https:\/\/maxirodriguez.net\/#organization","name":"Maxi Rodr\u00edguez","url":"https:\/\/maxirodriguez.net\/","logo":{"@type":"ImageObject","inLanguage":"en-US","@id":"https:\/\/maxirodriguez.net\/#\/schema\/logo\/image\/","url":"https:\/\/maxirodriguez.net\/wp-content\/uploads\/2023\/11\/captura-de-pantalla-2023-11-09-a-las-19.08.48-1024x956.png","contentUrl":"https:\/\/maxirodriguez.net\/wp-content\/uploads\/2023\/11\/captura-de-pantalla-2023-11-09-a-las-19.08.48-1024x956.png","width":1024,"height":956,"caption":"Maxi Rodr\u00edguez"},"image":{"@id":"https:\/\/maxirodriguez.net\/#\/schema\/logo\/image\/"}}]}},"_links":{"self":[{"href":"https:\/\/maxirodriguez.net\/en\/wp-json\/wp\/v2\/pages\/4059","targetHints":{"allow":["GET"]}}],"collection":[{"href":"https:\/\/maxirodriguez.net\/en\/wp-json\/wp\/v2\/pages"}],"about":[{"href":"https:\/\/maxirodriguez.net\/en\/wp-json\/wp\/v2\/types\/page"}],"author":[{"embeddable":true,"href":"https:\/\/maxirodriguez.net\/en\/wp-json\/wp\/v2\/users\/4"}],"replies":[{"embeddable":true,"href":"https:\/\/maxirodriguez.net\/en\/wp-json\/wp\/v2\/comments?post=4059"}],"version-history":[{"count":5,"href":"https:\/\/maxirodriguez.net\/en\/wp-json\/wp\/v2\/pages\/4059\/revisions"}],"predecessor-version":[{"id":4081,"href":"https:\/\/maxirodriguez.net\/en\/wp-json\/wp\/v2\/pages\/4059\/revisions\/4081"}],"wp:featuredmedia":[{"embeddable":true,"href":"https:\/\/maxirodriguez.net\/en\/wp-json\/wp\/v2\/media\/14097"}],"wp:attachment":[{"href":"https:\/\/maxirodriguez.net\/en\/wp-json\/wp\/v2\/media?parent=4059"}],"curies":[{"name":"wp","href":"https:\/\/api.w.org\/{rel}","templated":true}]}}