{"id":4057,"date":"2023-10-02T20:11:59","date_gmt":"2023-10-02T18:11:59","guid":{"rendered":"https:\/\/maxirodriguez.net\/?page_id=4057"},"modified":"2023-11-09T19:19:13","modified_gmt":"2023-11-09T18:19:13","slug":"zarzuela","status":"publish","type":"page","link":"https:\/\/maxirodriguez.net\/en\/operetta\/","title":{"rendered":"Operetta"},"content":{"rendered":"<div data-elementor-type=\"wp-page\" data-elementor-id=\"4057\" class=\"elementor elementor-4057\" data-elementor-post-type=\"page\">\n\t\t\t\t\t\t<section class=\"elementor-section elementor-top-section elementor-element elementor-element-e0a47da elementor-section-full_width elementor-section-height-default elementor-section-height-default\" data-id=\"e0a47da\" data-element_type=\"section\">\n\t\t\t\t\t\t<div class=\"elementor-container elementor-column-gap-default\">\n\t\t\t\t\t<div class=\"elementor-column elementor-col-100 elementor-top-column elementor-element elementor-element-82494c7\" data-id=\"82494c7\" data-element_type=\"column\">\n\t\t\t<div class=\"elementor-widget-wrap elementor-element-populated\">\n\t\t\t\t\t\t<div class=\"elementor-element elementor-element-25bf377 elementor-widget__width-auto elementor-mobile-align-center elementor-widget-mobile__width-auto elementor-widget elementor-widget-breadcrumbs\" data-id=\"25bf377\" data-element_type=\"widget\" data-widget_type=\"breadcrumbs.default\">\n\t\t\t\t<div class=\"elementor-widget-container\">\n\t\t\t\t\t<p id=\"breadcrumbs\"><span><span><a href=\"https:\/\/maxirodriguez.net\/en\">Start<\/a><\/span><\/span><\/p>\t\t\t\t<\/div>\n\t\t\t\t<\/div>\n\t\t\t\t<div class=\"elementor-element elementor-element-fcbbe78 elementor-invisible elementor-widget elementor-widget-heading\" data-id=\"fcbbe78\" data-element_type=\"widget\" data-settings=\"{&quot;_animation&quot;:&quot;fadeInUp&quot;}\" data-widget_type=\"heading.default\">\n\t\t\t\t<div class=\"elementor-widget-container\">\n\t\t\t\t\t<h1 class=\"elementor-heading-title elementor-size-default\">Operetta<\/h1>\t\t\t\t<\/div>\n\t\t\t\t<\/div>\n\t\t\t\t<div class=\"elementor-element elementor-element-51bef85 elementor-widget-divider--view-line elementor-widget elementor-widget-divider\" data-id=\"51bef85\" data-element_type=\"widget\" data-widget_type=\"divider.default\">\n\t\t\t\t<div class=\"elementor-widget-container\">\n\t\t\t\t\t\t\t<div class=\"elementor-divider\">\n\t\t\t<span class=\"elementor-divider-separator\">\n\t\t\t\t\t\t<\/span>\n\t\t<\/div>\n\t\t\t\t\t\t<\/div>\n\t\t\t\t<\/div>\n\t\t\t\t\t<\/div>\n\t\t<\/div>\n\t\t\t\t\t<\/div>\n\t\t<\/section>\n\t\t\t\t<section class=\"elementor-section elementor-top-section elementor-element elementor-element-a66457b elementor-section-boxed elementor-section-height-default elementor-section-height-default\" data-id=\"a66457b\" data-element_type=\"section\">\n\t\t\t\t\t\t<div class=\"elementor-container elementor-column-gap-default\">\n\t\t\t\t\t<div class=\"elementor-column elementor-col-100 elementor-top-column elementor-element elementor-element-2d3644c\" data-id=\"2d3644c\" data-element_type=\"column\">\n\t\t\t<div class=\"elementor-widget-wrap elementor-element-populated\">\n\t\t\t\t\t\t<div class=\"elementor-element elementor-element-101cf13 elementor-widget__width-initial elementor-widget elementor-widget-text-editor\" data-id=\"101cf13\" data-element_type=\"widget\" data-widget_type=\"text-editor.default\">\n\t\t\t\t<div class=\"elementor-widget-container\">\n\t\t\t\t\t\t\t\t\t<h4><b style=\"color: inherit; font-family: inherit; font-size: 1.25rem;\">MAHARAHA,&nbsp;<\/b><b style=\"color: inherit; font-family: inherit; font-size: 1.25rem;\">2017<\/b><br><\/h4>\n<ul>\n<li>Libretto by Maxi Rodr\u00edguez<\/li>\n<li>Sheet music by Guillermo Mart\u00ednez<\/li>\n<li>Premiered at the Campoamor Theater in Oviedo<\/li>\n<\/ul>\n<h5><b>THE VERBENA DE LA PALOMA FULL BOARD,&nbsp;<\/b><b>2018<\/b><\/h5>\n<ul>\n<li>Adaptation of the Zarzuela by Tom\u00e1s Bret\u00f3n and Ricardo de la Vega<\/li>\n<li>Premiered at the Campoamor Theater in Oviedo<\/li>\n<\/ul>\n<div>\n<h5 style=\"font-family: Frygia, sans-serif; color: rgb(0, 0, 0);\"><b>THE FARMHOUSE<\/b><\/h5>\n<div>\n<ul style=\"font-size: 19.2px; background-color: rgb(255, 255, 255);\">\n<li style=\"font-size: 19.2px;\">Co-production of the Arriaga Theater and the Compoamor Theater.<\/li><\/ul><\/div><\/div><ul>\n<\/ul>\t\t\t\t\t\t\t\t<\/div>\n\t\t\t\t<\/div>\n\t\t\t\t\t<\/div>\n\t\t<\/div>\n\t\t\t\t\t<\/div>\n\t\t<\/section>\n\t\t\t\t<section class=\"elementor-section elementor-top-section elementor-element elementor-element-f4a4719 elementor-section-boxed elementor-section-height-default elementor-section-height-default\" data-id=\"f4a4719\" data-element_type=\"section\">\n\t\t\t\t\t\t<div class=\"elementor-container elementor-column-gap-default\">\n\t\t\t\t\t<div class=\"elementor-column elementor-col-100 elementor-top-column elementor-element elementor-element-ca74e22\" data-id=\"ca74e22\" data-element_type=\"column\">\n\t\t\t<div class=\"elementor-widget-wrap elementor-element-populated\">\n\t\t\t\t\t\t<div class=\"elementor-element elementor-element-b0a4c6e elementor-align-center elementor-widget elementor-widget-button\" data-id=\"b0a4c6e\" data-element_type=\"widget\" data-widget_type=\"button.default\">\n\t\t\t\t<div class=\"elementor-widget-container\">\n\t\t\t\t\t\t\t\t\t<div class=\"elementor-button-wrapper\">\n\t\t\t\t\t<a class=\"elementor-button elementor-button-link elementor-size-md elementor-animation-grow\" href=\"https:\/\/maxirodriguez.net\/en\/contact\/\">\n\t\t\t\t\t\t<span class=\"elementor-button-content-wrapper\">\n\t\t\t\t\t\t\t\t\t<span class=\"elementor-button-text\">Talk later?<\/span>\n\t\t\t\t\t<\/span>\n\t\t\t\t\t<\/a>\n\t\t\t\t<\/div>\n\t\t\t\t\t\t\t\t<\/div>\n\t\t\t\t<\/div>\n\t\t\t\t\t<\/div>\n\t\t<\/div>\n\t\t\t\t\t<\/div>\n\t\t<\/section>\n\t\t\t\t<section class=\"elementor-section elementor-top-section elementor-element elementor-element-787a36a elementor-section-boxed elementor-section-height-default elementor-section-height-default\" data-id=\"787a36a\" data-element_type=\"section\">\n\t\t\t\t\t\t<div class=\"elementor-container elementor-column-gap-default\">\n\t\t\t\t\t<div class=\"elementor-column elementor-col-25 elementor-top-column elementor-element elementor-element-7dbca5d\" data-id=\"7dbca5d\" data-element_type=\"column\">\n\t\t\t<div class=\"elementor-widget-wrap elementor-element-populated\">\n\t\t\t\t\t\t<div class=\"elementor-element elementor-element-bbf8abe elementor-widget elementor-widget-image\" data-id=\"bbf8abe\" data-element_type=\"widget\" data-widget_type=\"image.default\">\n\t\t\t\t<div class=\"elementor-widget-container\">\n\t\t\t\t\t\t\t\t\t\t\t\t\t\t\t<img fetchpriority=\"high\" decoding=\"async\" width=\"800\" height=\"777\" src=\"https:\/\/maxirodriguez.net\/wp-content\/uploads\/2023\/11\/captura-de-pantalla-2023-11-01-a-las-12.13.36-1024x995.png\" class=\"attachment-large size-large wp-image-4591\" alt=\"\" srcset=\"https:\/\/maxirodriguez.net\/wp-content\/uploads\/2023\/11\/captura-de-pantalla-2023-11-01-a-las-12.13.36-1024x995.png 1024w, https:\/\/maxirodriguez.net\/wp-content\/uploads\/2023\/11\/captura-de-pantalla-2023-11-01-a-las-12.13.36-300x292.png 300w, https:\/\/maxirodriguez.net\/wp-content\/uploads\/2023\/11\/captura-de-pantalla-2023-11-01-a-las-12.13.36-768x746.png 768w, https:\/\/maxirodriguez.net\/wp-content\/uploads\/2023\/11\/captura-de-pantalla-2023-11-01-a-las-12.13.36-12x12.png 12w, https:\/\/maxirodriguez.net\/wp-content\/uploads\/2023\/11\/captura-de-pantalla-2023-11-01-a-las-12.13.36.png 1418w\" sizes=\"(max-width: 800px) 100vw, 800px\" \/>\t\t\t\t\t\t\t\t\t\t\t\t\t\t\t<\/div>\n\t\t\t\t<\/div>\n\t\t\t\t\t<\/div>\n\t\t<\/div>\n\t\t\t\t<div class=\"elementor-column elementor-col-25 elementor-top-column elementor-element elementor-element-eff95c9\" data-id=\"eff95c9\" data-element_type=\"column\">\n\t\t\t<div class=\"elementor-widget-wrap elementor-element-populated\">\n\t\t\t\t\t\t<div class=\"elementor-element elementor-element-2422e73 elementor-widget elementor-widget-image\" data-id=\"2422e73\" data-element_type=\"widget\" data-widget_type=\"image.default\">\n\t\t\t\t<div class=\"elementor-widget-container\">\n\t\t\t\t\t\t\t\t\t\t\t\t\t\t\t<img decoding=\"async\" width=\"800\" height=\"798\" src=\"https:\/\/maxirodriguez.net\/wp-content\/uploads\/2023\/11\/captura-de-pantalla-2023-11-01-a-las-12.14.50-1024x1021.png\" class=\"attachment-large size-large wp-image-4592\" alt=\"\" srcset=\"https:\/\/maxirodriguez.net\/wp-content\/uploads\/2023\/11\/captura-de-pantalla-2023-11-01-a-las-12.14.50-1024x1021.png 1024w, https:\/\/maxirodriguez.net\/wp-content\/uploads\/2023\/11\/captura-de-pantalla-2023-11-01-a-las-12.14.50-300x300.png 300w, https:\/\/maxirodriguez.net\/wp-content\/uploads\/2023\/11\/captura-de-pantalla-2023-11-01-a-las-12.14.50-150x150.png 150w, https:\/\/maxirodriguez.net\/wp-content\/uploads\/2023\/11\/captura-de-pantalla-2023-11-01-a-las-12.14.50-768x766.png 768w, https:\/\/maxirodriguez.net\/wp-content\/uploads\/2023\/11\/captura-de-pantalla-2023-11-01-a-las-12.14.50-12x12.png 12w, https:\/\/maxirodriguez.net\/wp-content\/uploads\/2023\/11\/captura-de-pantalla-2023-11-01-a-las-12.14.50.png 1420w\" sizes=\"(max-width: 800px) 100vw, 800px\" \/>\t\t\t\t\t\t\t\t\t\t\t\t\t\t\t<\/div>\n\t\t\t\t<\/div>\n\t\t\t\t\t<\/div>\n\t\t<\/div>\n\t\t\t\t<div class=\"elementor-column elementor-col-25 elementor-top-column elementor-element elementor-element-8511537\" data-id=\"8511537\" data-element_type=\"column\">\n\t\t\t<div class=\"elementor-widget-wrap elementor-element-populated\">\n\t\t\t\t\t\t<div class=\"elementor-element elementor-element-09ca0b9 elementor-widget elementor-widget-image\" data-id=\"09ca0b9\" data-element_type=\"widget\" data-widget_type=\"image.default\">\n\t\t\t\t<div class=\"elementor-widget-container\">\n\t\t\t\t\t\t\t\t\t\t\t\t\t\t\t<img decoding=\"async\" width=\"800\" height=\"791\" src=\"https:\/\/maxirodriguez.net\/wp-content\/uploads\/2023\/11\/captura-de-pantalla-2023-11-01-a-las-12.17.55-1024x1012.png\" class=\"attachment-large size-large wp-image-4593\" alt=\"\" srcset=\"https:\/\/maxirodriguez.net\/wp-content\/uploads\/2023\/11\/captura-de-pantalla-2023-11-01-a-las-12.17.55-1024x1012.png 1024w, https:\/\/maxirodriguez.net\/wp-content\/uploads\/2023\/11\/captura-de-pantalla-2023-11-01-a-las-12.17.55-300x297.png 300w, https:\/\/maxirodriguez.net\/wp-content\/uploads\/2023\/11\/captura-de-pantalla-2023-11-01-a-las-12.17.55-768x759.png 768w, https:\/\/maxirodriguez.net\/wp-content\/uploads\/2023\/11\/captura-de-pantalla-2023-11-01-a-las-12.17.55-1536x1519.png 1536w, https:\/\/maxirodriguez.net\/wp-content\/uploads\/2023\/11\/captura-de-pantalla-2023-11-01-a-las-12.17.55-12x12.png 12w, https:\/\/maxirodriguez.net\/wp-content\/uploads\/2023\/11\/captura-de-pantalla-2023-11-01-a-las-12.17.55.png 1594w\" sizes=\"(max-width: 800px) 100vw, 800px\" \/>\t\t\t\t\t\t\t\t\t\t\t\t\t\t\t<\/div>\n\t\t\t\t<\/div>\n\t\t\t\t\t<\/div>\n\t\t<\/div>\n\t\t\t\t<div class=\"elementor-column elementor-col-25 elementor-top-column elementor-element elementor-element-a90b688\" data-id=\"a90b688\" data-element_type=\"column\">\n\t\t\t<div class=\"elementor-widget-wrap elementor-element-populated\">\n\t\t\t\t\t\t<div class=\"elementor-element elementor-element-bcd5cb2 elementor-widget elementor-widget-image\" data-id=\"bcd5cb2\" data-element_type=\"widget\" data-widget_type=\"image.default\">\n\t\t\t\t<div class=\"elementor-widget-container\">\n\t\t\t\t\t\t\t\t\t\t\t\t\t\t\t<img loading=\"lazy\" decoding=\"async\" width=\"800\" height=\"797\" src=\"https:\/\/maxirodriguez.net\/wp-content\/uploads\/2023\/11\/captura-de-pantalla-2023-11-01-a-las-12.20.49-1024x1020.png\" class=\"attachment-large size-large wp-image-4594\" alt=\"\" srcset=\"https:\/\/maxirodriguez.net\/wp-content\/uploads\/2023\/11\/captura-de-pantalla-2023-11-01-a-las-12.20.49-1024x1020.png 1024w, https:\/\/maxirodriguez.net\/wp-content\/uploads\/2023\/11\/captura-de-pantalla-2023-11-01-a-las-12.20.49-300x300.png 300w, https:\/\/maxirodriguez.net\/wp-content\/uploads\/2023\/11\/captura-de-pantalla-2023-11-01-a-las-12.20.49-150x150.png 150w, https:\/\/maxirodriguez.net\/wp-content\/uploads\/2023\/11\/captura-de-pantalla-2023-11-01-a-las-12.20.49-768x765.png 768w, https:\/\/maxirodriguez.net\/wp-content\/uploads\/2023\/11\/captura-de-pantalla-2023-11-01-a-las-12.20.49-12x12.png 12w, https:\/\/maxirodriguez.net\/wp-content\/uploads\/2023\/11\/captura-de-pantalla-2023-11-01-a-las-12.20.49.png 1060w\" sizes=\"(max-width: 800px) 100vw, 800px\" \/>\t\t\t\t\t\t\t\t\t\t\t\t\t\t\t<\/div>\n\t\t\t\t<\/div>\n\t\t\t\t\t<\/div>\n\t\t<\/div>\n\t\t\t\t\t<\/div>\n\t\t<\/section>\n\t\t\t\t<\/div>","protected":false},"excerpt":{"rendered":"<p>Zarzuela MAHARAH\u00c1, 2017 Libretto by Maxi Rodr\u00edguez Score by Guillermo Mart\u00ednez Premiered at the Campoamor Theater in Oviedo LA VERBENA DE LA PALOMA FULL BOARD, 2018 Adaptation of the Zarzuela by Tom\u00e1s Bret\u00f3n and Ricardo de la Vega Premiered at the Campoamor Theater in Oviedo EL CASERIO Co-production of the Arriaga Theater and the Compoamor Theater. Talk later?<\/p>","protected":false},"author":4,"featured_media":1072,"parent":0,"menu_order":14,"comment_status":"closed","ping_status":"closed","template":"elementor_header_footer","meta":{"_joinchat":[],"footnotes":""},"class_list":["post-4057","page","type-page","status-publish","has-post-thumbnail","hentry"],"yoast_head":"<!-- This site is optimized with the Yoast SEO plugin v24.4 - https:\/\/yoast.com\/wordpress\/plugins\/seo\/ -->\n<title>Zarzuela | Maxi Rodr\u00edguez<\/title>\n<meta name=\"description\" content=\"Actor, guionista, profesor de comunicaci\u00f3n y expresi\u00f3n dram\u00e1tica y director de escena.\" \/>\n<meta name=\"robots\" content=\"index, follow, max-snippet:-1, max-image-preview:large, max-video-preview:-1\" \/>\n<link rel=\"canonical\" href=\"https:\/\/maxirodriguez.net\/en\/operetta\/\" \/>\n<meta property=\"og:locale\" content=\"en_US\" \/>\n<meta property=\"og:type\" content=\"article\" \/>\n<meta property=\"og:title\" content=\"Zarzuela | Maxi Rodr\u00edguez\" \/>\n<meta property=\"og:description\" content=\"Actor, guionista, profesor de comunicaci\u00f3n y expresi\u00f3n dram\u00e1tica y director de escena.\" \/>\n<meta property=\"og:url\" content=\"https:\/\/maxirodriguez.net\/en\/operetta\/\" \/>\n<meta property=\"og:site_name\" content=\"Maxi Rodr\u00edguez\" \/>\n<meta property=\"article:modified_time\" content=\"2023-11-09T18:19:13+00:00\" \/>\n<meta property=\"og:image\" content=\"https:\/\/maxirodriguez.net\/wp-content\/uploads\/2023\/08\/sin-imagen-destacada-1024x658.png\" \/>\n\t<meta property=\"og:image:width\" content=\"1024\" \/>\n\t<meta property=\"og:image:height\" content=\"658\" \/>\n\t<meta property=\"og:image:type\" content=\"image\/png\" \/>\n<meta name=\"twitter:card\" content=\"summary_large_image\" \/>\n<script type=\"application\/ld+json\" class=\"yoast-schema-graph\">{\"@context\":\"https:\/\/schema.org\",\"@graph\":[{\"@type\":\"WebPage\",\"@id\":\"https:\/\/maxirodriguez.net\/zarzuela\/\",\"url\":\"https:\/\/maxirodriguez.net\/zarzuela\/\",\"name\":\"Zarzuela | Maxi Rodr\u00edguez\",\"isPartOf\":{\"@id\":\"https:\/\/maxirodriguez.net\/#website\"},\"primaryImageOfPage\":{\"@id\":\"https:\/\/maxirodriguez.net\/zarzuela\/#primaryimage\"},\"image\":{\"@id\":\"https:\/\/maxirodriguez.net\/zarzuela\/#primaryimage\"},\"thumbnailUrl\":\"https:\/\/maxirodriguez.net\/wp-content\/uploads\/2023\/08\/sin-imagen-destacada.png\",\"datePublished\":\"2023-10-02T18:11:59+00:00\",\"dateModified\":\"2023-11-09T18:19:13+00:00\",\"description\":\"Actor, guionista, profesor de comunicaci\u00f3n y expresi\u00f3n dram\u00e1tica y director de escena.\",\"breadcrumb\":{\"@id\":\"https:\/\/maxirodriguez.net\/zarzuela\/#breadcrumb\"},\"inLanguage\":\"en-US\",\"potentialAction\":[{\"@type\":\"ReadAction\",\"target\":[\"https:\/\/maxirodriguez.net\/zarzuela\/\"]}]},{\"@type\":\"ImageObject\",\"inLanguage\":\"en-US\",\"@id\":\"https:\/\/maxirodriguez.net\/zarzuela\/#primaryimage\",\"url\":\"https:\/\/maxirodriguez.net\/wp-content\/uploads\/2023\/08\/sin-imagen-destacada.png\",\"contentUrl\":\"https:\/\/maxirodriguez.net\/wp-content\/uploads\/2023\/08\/sin-imagen-destacada.png\",\"width\":1920,\"height\":1235,\"caption\":\"Sin imagen destacada\"},{\"@type\":\"BreadcrumbList\",\"@id\":\"https:\/\/maxirodriguez.net\/zarzuela\/#breadcrumb\",\"itemListElement\":[{\"@type\":\"ListItem\",\"position\":1,\"name\":\"Inicio\",\"item\":\"https:\/\/maxirodriguez.net\/\"},{\"@type\":\"ListItem\",\"position\":2,\"name\":\"Zarzuela\"}]},{\"@type\":\"WebSite\",\"@id\":\"https:\/\/maxirodriguez.net\/#website\",\"url\":\"https:\/\/maxirodriguez.net\/\",\"name\":\"Maxi Rodr\u00edguez\",\"description\":\"Dramaturgo, actor, guionista, escritor, director de escena...\",\"publisher\":{\"@id\":\"https:\/\/maxirodriguez.net\/#organization\"},\"potentialAction\":[{\"@type\":\"SearchAction\",\"target\":{\"@type\":\"EntryPoint\",\"urlTemplate\":\"https:\/\/maxirodriguez.net\/?s={search_term_string}\"},\"query-input\":{\"@type\":\"PropertyValueSpecification\",\"valueRequired\":true,\"valueName\":\"search_term_string\"}}],\"inLanguage\":\"en-US\"},{\"@type\":\"Organization\",\"@id\":\"https:\/\/maxirodriguez.net\/#organization\",\"name\":\"Maxi Rodr\u00edguez\",\"url\":\"https:\/\/maxirodriguez.net\/\",\"logo\":{\"@type\":\"ImageObject\",\"inLanguage\":\"en-US\",\"@id\":\"https:\/\/maxirodriguez.net\/#\/schema\/logo\/image\/\",\"url\":\"https:\/\/maxirodriguez.net\/wp-content\/uploads\/2023\/11\/captura-de-pantalla-2023-11-09-a-las-19.08.48-1024x956.png\",\"contentUrl\":\"https:\/\/maxirodriguez.net\/wp-content\/uploads\/2023\/11\/captura-de-pantalla-2023-11-09-a-las-19.08.48-1024x956.png\",\"width\":1024,\"height\":956,\"caption\":\"Maxi Rodr\u00edguez\"},\"image\":{\"@id\":\"https:\/\/maxirodriguez.net\/#\/schema\/logo\/image\/\"}}]}<\/script>\n<!-- \/ Yoast SEO plugin. -->","yoast_head_json":{"title":"Zarzuela | Maxi Rodr\u00edguez","description":"Actor, guionista, profesor de comunicaci\u00f3n y expresi\u00f3n dram\u00e1tica y director de escena.","robots":{"index":"index","follow":"follow","max-snippet":"max-snippet:-1","max-image-preview":"max-image-preview:large","max-video-preview":"max-video-preview:-1"},"canonical":"https:\/\/maxirodriguez.net\/en\/operetta\/","og_locale":"en_US","og_type":"article","og_title":"Zarzuela | Maxi Rodr\u00edguez","og_description":"Actor, guionista, profesor de comunicaci\u00f3n y expresi\u00f3n dram\u00e1tica y director de escena.","og_url":"https:\/\/maxirodriguez.net\/en\/operetta\/","og_site_name":"Maxi Rodr\u00edguez","article_modified_time":"2023-11-09T18:19:13+00:00","og_image":[{"width":1024,"height":658,"url":"https:\/\/maxirodriguez.net\/wp-content\/uploads\/2023\/08\/sin-imagen-destacada-1024x658.png","type":"image\/png"}],"twitter_card":"summary_large_image","schema":{"@context":"https:\/\/schema.org","@graph":[{"@type":"WebPage","@id":"https:\/\/maxirodriguez.net\/zarzuela\/","url":"https:\/\/maxirodriguez.net\/zarzuela\/","name":"Zarzuela | Maxi Rodr\u00edguez","isPartOf":{"@id":"https:\/\/maxirodriguez.net\/#website"},"primaryImageOfPage":{"@id":"https:\/\/maxirodriguez.net\/zarzuela\/#primaryimage"},"image":{"@id":"https:\/\/maxirodriguez.net\/zarzuela\/#primaryimage"},"thumbnailUrl":"https:\/\/maxirodriguez.net\/wp-content\/uploads\/2023\/08\/sin-imagen-destacada.png","datePublished":"2023-10-02T18:11:59+00:00","dateModified":"2023-11-09T18:19:13+00:00","description":"Actor, guionista, profesor de comunicaci\u00f3n y expresi\u00f3n dram\u00e1tica y director de escena.","breadcrumb":{"@id":"https:\/\/maxirodriguez.net\/zarzuela\/#breadcrumb"},"inLanguage":"en-US","potentialAction":[{"@type":"ReadAction","target":["https:\/\/maxirodriguez.net\/zarzuela\/"]}]},{"@type":"ImageObject","inLanguage":"en-US","@id":"https:\/\/maxirodriguez.net\/zarzuela\/#primaryimage","url":"https:\/\/maxirodriguez.net\/wp-content\/uploads\/2023\/08\/sin-imagen-destacada.png","contentUrl":"https:\/\/maxirodriguez.net\/wp-content\/uploads\/2023\/08\/sin-imagen-destacada.png","width":1920,"height":1235,"caption":"Sin imagen destacada"},{"@type":"BreadcrumbList","@id":"https:\/\/maxirodriguez.net\/zarzuela\/#breadcrumb","itemListElement":[{"@type":"ListItem","position":1,"name":"Inicio","item":"https:\/\/maxirodriguez.net\/"},{"@type":"ListItem","position":2,"name":"Zarzuela"}]},{"@type":"WebSite","@id":"https:\/\/maxirodriguez.net\/#website","url":"https:\/\/maxirodriguez.net\/","name":"Maxi Rodr\u00edguez","description":"Dramaturgo, actor, guionista, escritor, director de escena...","publisher":{"@id":"https:\/\/maxirodriguez.net\/#organization"},"potentialAction":[{"@type":"SearchAction","target":{"@type":"EntryPoint","urlTemplate":"https:\/\/maxirodriguez.net\/?s={search_term_string}"},"query-input":{"@type":"PropertyValueSpecification","valueRequired":true,"valueName":"search_term_string"}}],"inLanguage":"en-US"},{"@type":"Organization","@id":"https:\/\/maxirodriguez.net\/#organization","name":"Maxi Rodr\u00edguez","url":"https:\/\/maxirodriguez.net\/","logo":{"@type":"ImageObject","inLanguage":"en-US","@id":"https:\/\/maxirodriguez.net\/#\/schema\/logo\/image\/","url":"https:\/\/maxirodriguez.net\/wp-content\/uploads\/2023\/11\/captura-de-pantalla-2023-11-09-a-las-19.08.48-1024x956.png","contentUrl":"https:\/\/maxirodriguez.net\/wp-content\/uploads\/2023\/11\/captura-de-pantalla-2023-11-09-a-las-19.08.48-1024x956.png","width":1024,"height":956,"caption":"Maxi Rodr\u00edguez"},"image":{"@id":"https:\/\/maxirodriguez.net\/#\/schema\/logo\/image\/"}}]}},"_links":{"self":[{"href":"https:\/\/maxirodriguez.net\/en\/wp-json\/wp\/v2\/pages\/4057","targetHints":{"allow":["GET"]}}],"collection":[{"href":"https:\/\/maxirodriguez.net\/en\/wp-json\/wp\/v2\/pages"}],"about":[{"href":"https:\/\/maxirodriguez.net\/en\/wp-json\/wp\/v2\/types\/page"}],"author":[{"embeddable":true,"href":"https:\/\/maxirodriguez.net\/en\/wp-json\/wp\/v2\/users\/4"}],"replies":[{"embeddable":true,"href":"https:\/\/maxirodriguez.net\/en\/wp-json\/wp\/v2\/comments?post=4057"}],"version-history":[{"count":5,"href":"https:\/\/maxirodriguez.net\/en\/wp-json\/wp\/v2\/pages\/4057\/revisions"}],"predecessor-version":[{"id":4597,"href":"https:\/\/maxirodriguez.net\/en\/wp-json\/wp\/v2\/pages\/4057\/revisions\/4597"}],"wp:featuredmedia":[{"embeddable":true,"href":"https:\/\/maxirodriguez.net\/en\/wp-json\/wp\/v2\/media\/1072"}],"wp:attachment":[{"href":"https:\/\/maxirodriguez.net\/en\/wp-json\/wp\/v2\/media?parent=4057"}],"curies":[{"name":"wp","href":"https:\/\/api.w.org\/{rel}","templated":true}]}}