{"id":4039,"date":"2023-10-02T19:21:30","date_gmt":"2023-10-02T17:21:30","guid":{"rendered":"https:\/\/maxirodriguez.net\/?page_id=4039"},"modified":"2023-11-09T19:15:53","modified_gmt":"2023-11-09T18:15:53","slug":"actor-de-cine","status":"publish","type":"page","link":"https:\/\/maxirodriguez.net\/en\/cinema-actor\/","title":{"rendered":"Cinema actor"},"content":{"rendered":"<div data-elementor-type=\"wp-page\" data-elementor-id=\"4039\" class=\"elementor elementor-4039\" data-elementor-post-type=\"page\">\n\t\t\t\t\t\t<section class=\"elementor-section elementor-top-section elementor-element elementor-element-f847398 elementor-section-full_width elementor-section-height-default elementor-section-height-default\" data-id=\"f847398\" data-element_type=\"section\">\n\t\t\t\t\t\t<div class=\"elementor-container elementor-column-gap-default\">\n\t\t\t\t\t<div class=\"elementor-column elementor-col-100 elementor-top-column elementor-element elementor-element-9a97759\" data-id=\"9a97759\" data-element_type=\"column\">\n\t\t\t<div class=\"elementor-widget-wrap elementor-element-populated\">\n\t\t\t\t\t\t<div class=\"elementor-element elementor-element-cdf2310 elementor-widget__width-auto elementor-mobile-align-center elementor-widget-mobile__width-auto elementor-widget elementor-widget-breadcrumbs\" data-id=\"cdf2310\" data-element_type=\"widget\" data-widget_type=\"breadcrumbs.default\">\n\t\t\t\t<div class=\"elementor-widget-container\">\n\t\t\t\t\t<p id=\"breadcrumbs\"><span><span><a href=\"https:\/\/maxirodriguez.net\/en\">Start<\/a><\/span><\/span><\/p>\t\t\t\t<\/div>\n\t\t\t\t<\/div>\n\t\t\t\t<div class=\"elementor-element elementor-element-cb79bd5 elementor-invisible elementor-widget elementor-widget-heading\" data-id=\"cb79bd5\" data-element_type=\"widget\" data-settings=\"{&quot;_animation&quot;:&quot;fadeInUp&quot;}\" data-widget_type=\"heading.default\">\n\t\t\t\t<div class=\"elementor-widget-container\">\n\t\t\t\t\t<h1 class=\"elementor-heading-title elementor-size-default\">Cinema actor<\/h1>\t\t\t\t<\/div>\n\t\t\t\t<\/div>\n\t\t\t\t<div class=\"elementor-element elementor-element-df08ef1 elementor-widget-divider--view-line elementor-widget elementor-widget-divider\" data-id=\"df08ef1\" data-element_type=\"widget\" data-widget_type=\"divider.default\">\n\t\t\t\t<div class=\"elementor-widget-container\">\n\t\t\t\t\t\t\t<div class=\"elementor-divider\">\n\t\t\t<span class=\"elementor-divider-separator\">\n\t\t\t\t\t\t<\/span>\n\t\t<\/div>\n\t\t\t\t\t\t<\/div>\n\t\t\t\t<\/div>\n\t\t\t\t\t<\/div>\n\t\t<\/div>\n\t\t\t\t\t<\/div>\n\t\t<\/section>\n\t\t\t\t<section class=\"elementor-section elementor-top-section elementor-element elementor-element-5a8574d elementor-section-boxed elementor-section-height-default elementor-section-height-default\" data-id=\"5a8574d\" data-element_type=\"section\">\n\t\t\t\t\t\t<div class=\"elementor-container elementor-column-gap-default\">\n\t\t\t\t\t<div class=\"elementor-column elementor-col-100 elementor-top-column elementor-element elementor-element-2478f75\" data-id=\"2478f75\" data-element_type=\"column\">\n\t\t\t<div class=\"elementor-widget-wrap elementor-element-populated\">\n\t\t\t\t\t\t<div class=\"elementor-element elementor-element-c940836 elementor-widget elementor-widget-text-editor\" data-id=\"c940836\" data-element_type=\"widget\" data-widget_type=\"text-editor.default\">\n\t\t\t\t<div class=\"elementor-widget-container\">\n\t\t\t\t\t\t\t\t\t<ul>\n<li><strong>Writer<\/strong>: by Carlos Navarro.<\/li>\n<li><strong>The dead are not touched, baby<\/strong>: Feature film by Jos\u00e9 Luis Garc\u00eda S\u00e1nchez.<\/li>\n<li style=\"font-size: 19.2px;\"><span style=\"font-weight: bolder;\">Forged<\/span>: Short film by Asier Iza \u2013 Protagonist<\/li>\n<li><strong>Fat people<\/strong>: Second feature film by Daniel S\u00e1nchez Ar\u00e9valo \u2013 Cast<\/li>\n<li><strong>The Magic Mocks<\/strong>: Short film by Daniel Rebner \u2013 Protagonist<\/li>\n<li><strong>Maxi in short<\/strong>: Short film series made at CICA (Cinema Interpretation Center of Asturias)<\/li>\n<li><strong>Humans with potatoes<\/strong>: Short film by the Prada Brothers \u2013 Protagonist<\/li>\n<li><strong>Svensson&#039;s syndrome<\/strong>: Feature film by Kepa Sojo \u2013 4 supporting roles<\/li>\n<li><strong>Goose-flesh<\/strong>: Feature film by Javier Maqua \u2013 Protagonist<\/li><li><b>What the eye does not see<\/b>: Short film by Jos\u00e9 Jose Bra\u00f1a \u2013 Protagonist.<\/li>\n<li><strong>The land is not worth conquering<\/strong>: Short film by JA Bra\u00f1a \u2013 Protagonist (Awarded the Best Actor award at the Zaragoza National Film Festival)<\/li>\n<li><strong>Worst impossible<\/strong>: Feature film by Jos\u00e9 Sempr\u00fan and David Blanco \u2013 Cast<\/li>\n<li><strong>Sign up for a bombing<\/strong>: Documentary by Javier Maqua<\/li>\n<li><strong>The Pozu<\/strong>: Short film by Tom Fern\u00e1ndez awarded with the FICXix\u00f3n New Directors Award \u2013 Protagonist<\/li>\n<li><strong>Shout<\/strong>: Short film by Carlos Navarro for TVE \u2013 Protagonist<\/li>\n<li><strong>The chestnut tree of Saint Stephen<\/strong>: Short film by Jaime Izquierdo<\/li>\n<\/ul>\n<ul>\n<\/ul>\t\t\t\t\t\t\t\t<\/div>\n\t\t\t\t<\/div>\n\t\t\t\t\t<\/div>\n\t\t<\/div>\n\t\t\t\t\t<\/div>\n\t\t<\/section>\n\t\t\t\t<section class=\"elementor-section elementor-top-section elementor-element elementor-element-4a70ccc elementor-section-boxed elementor-section-height-default elementor-section-height-default\" data-id=\"4a70ccc\" data-element_type=\"section\">\n\t\t\t\t\t\t<div class=\"elementor-container elementor-column-gap-default\">\n\t\t\t\t\t<div class=\"elementor-column elementor-col-100 elementor-top-column elementor-element elementor-element-f0bed8d\" data-id=\"f0bed8d\" data-element_type=\"column\">\n\t\t\t<div class=\"elementor-widget-wrap elementor-element-populated\">\n\t\t\t\t\t\t<div class=\"elementor-element elementor-element-bbb14db elementor-align-center elementor-widget elementor-widget-button\" data-id=\"bbb14db\" data-element_type=\"widget\" data-widget_type=\"button.default\">\n\t\t\t\t<div class=\"elementor-widget-container\">\n\t\t\t\t\t\t\t\t\t<div class=\"elementor-button-wrapper\">\n\t\t\t\t\t<a class=\"elementor-button elementor-button-link elementor-size-md elementor-animation-grow\" href=\"https:\/\/maxirodriguez.net\/en\/contact\/\">\n\t\t\t\t\t\t<span class=\"elementor-button-content-wrapper\">\n\t\t\t\t\t\t\t\t\t<span class=\"elementor-button-text\">Talk later?<\/span>\n\t\t\t\t\t<\/span>\n\t\t\t\t\t<\/a>\n\t\t\t\t<\/div>\n\t\t\t\t\t\t\t\t<\/div>\n\t\t\t\t<\/div>\n\t\t\t\t\t<\/div>\n\t\t<\/div>\n\t\t\t\t\t<\/div>\n\t\t<\/section>\n\t\t\t\t<section class=\"elementor-section elementor-top-section elementor-element elementor-element-85551ef elementor-section-full_width elementor-section-height-default elementor-section-height-default\" data-id=\"85551ef\" data-element_type=\"section\">\n\t\t\t\t\t\t<div class=\"elementor-container elementor-column-gap-no\">\n\t\t\t\t\t<div class=\"elementor-column elementor-col-100 elementor-top-column elementor-element elementor-element-787cc99\" data-id=\"787cc99\" data-element_type=\"column\">\n\t\t\t<div class=\"elementor-widget-wrap elementor-element-populated\">\n\t\t\t\t\t\t<div class=\"elementor-element elementor-element-6332213 elementor-widget elementor-widget-gallery\" data-id=\"6332213\" data-element_type=\"widget\" data-settings=\"{&quot;columns&quot;:6,&quot;gap&quot;:{&quot;unit&quot;:&quot;px&quot;,&quot;size&quot;:0,&quot;sizes&quot;:[]},&quot;gap_tablet&quot;:{&quot;unit&quot;:&quot;px&quot;,&quot;size&quot;:0,&quot;sizes&quot;:[]},&quot;gap_mobile&quot;:{&quot;unit&quot;:&quot;px&quot;,&quot;size&quot;:0,&quot;sizes&quot;:[]},&quot;aspect_ratio&quot;:&quot;1:1&quot;,&quot;lazyload&quot;:&quot;yes&quot;,&quot;gallery_layout&quot;:&quot;grid&quot;,&quot;columns_tablet&quot;:2,&quot;columns_mobile&quot;:1,&quot;link_to&quot;:&quot;file&quot;,&quot;overlay_background&quot;:&quot;yes&quot;,&quot;content_hover_animation&quot;:&quot;fade-in&quot;}\" data-widget_type=\"gallery.default\">\n\t\t\t\t<div class=\"elementor-widget-container\">\n\t\t\t\t\t\t\t<div class=\"elementor-gallery__container\">\n\t\t\t\t\t\t\t<a class=\"e-gallery-item elementor-gallery-item elementor-animated-content\" href=\"https:\/\/maxirodriguez.net\/wp-content\/uploads\/2023\/11\/captura-de-pantalla-2023-11-03-a-las-13.21.33.png\" data-elementor-open-lightbox=\"yes\" data-elementor-lightbox-slideshow=\"6332213\" data-elementor-lightbox-title=\"Captura de pantalla 2023-11-03 a las 13.21.33\" data-e-action-hash=\"#elementor-action%3Aaction%3Dlightbox%26settings%3DeyJpZCI6NDYzNCwidXJsIjoiaHR0cHM6XC9cL21heGlyb2RyaWd1ZXoubmV0XC93cC1jb250ZW50XC91cGxvYWRzXC8yMDIzXC8xMVwvY2FwdHVyYS1kZS1wYW50YWxsYS0yMDIzLTExLTAzLWEtbGFzLTEzLjIxLjMzLnBuZyIsInNsaWRlc2hvdyI6IjYzMzIyMTMifQ%3D%3D\">\n\t\t\t\t\t<div class=\"e-gallery-image elementor-gallery-item__image\" data-thumbnail=\"https:\/\/maxirodriguez.net\/wp-content\/uploads\/2023\/11\/captura-de-pantalla-2023-11-03-a-las-13.21.33-1024x873.png\" data-width=\"800\" data-height=\"682\" aria-label=\"\" role=\"img\" ><\/div>\n\t\t\t\t\t\t\t\t\t\t\t<div class=\"elementor-gallery-item__overlay\"><\/div>\n\t\t\t\t\t\t\t\t\t\t\t\t\t\t<\/a>\n\t\t\t\t\t\t\t<a class=\"e-gallery-item elementor-gallery-item elementor-animated-content\" href=\"https:\/\/maxirodriguez.net\/wp-content\/uploads\/2023\/11\/captura-de-pantalla-2023-11-03-a-las-13.21.24.png\" data-elementor-open-lightbox=\"yes\" data-elementor-lightbox-slideshow=\"6332213\" data-elementor-lightbox-title=\"Captura de pantalla 2023-11-03 a las 13.21.24\" data-e-action-hash=\"#elementor-action%3Aaction%3Dlightbox%26settings%3DeyJpZCI6NDYzNSwidXJsIjoiaHR0cHM6XC9cL21heGlyb2RyaWd1ZXoubmV0XC93cC1jb250ZW50XC91cGxvYWRzXC8yMDIzXC8xMVwvY2FwdHVyYS1kZS1wYW50YWxsYS0yMDIzLTExLTAzLWEtbGFzLTEzLjIxLjI0LnBuZyIsInNsaWRlc2hvdyI6IjYzMzIyMTMifQ%3D%3D\">\n\t\t\t\t\t<div class=\"e-gallery-image elementor-gallery-item__image\" data-thumbnail=\"https:\/\/maxirodriguez.net\/wp-content\/uploads\/2023\/11\/captura-de-pantalla-2023-11-03-a-las-13.21.24-1024x1019.png\" data-width=\"800\" data-height=\"796\" aria-label=\"\" role=\"img\" ><\/div>\n\t\t\t\t\t\t\t\t\t\t\t<div class=\"elementor-gallery-item__overlay\"><\/div>\n\t\t\t\t\t\t\t\t\t\t\t\t\t\t<\/a>\n\t\t\t\t\t\t\t<a class=\"e-gallery-item elementor-gallery-item elementor-animated-content\" href=\"https:\/\/maxirodriguez.net\/wp-content\/uploads\/2023\/11\/captura-de-pantalla-2023-11-03-a-las-13.21.13.png\" data-elementor-open-lightbox=\"yes\" data-elementor-lightbox-slideshow=\"6332213\" data-elementor-lightbox-title=\"Captura de pantalla 2023-11-03 a las 13.21.13\" data-e-action-hash=\"#elementor-action%3Aaction%3Dlightbox%26settings%3DeyJpZCI6NDYzNiwidXJsIjoiaHR0cHM6XC9cL21heGlyb2RyaWd1ZXoubmV0XC93cC1jb250ZW50XC91cGxvYWRzXC8yMDIzXC8xMVwvY2FwdHVyYS1kZS1wYW50YWxsYS0yMDIzLTExLTAzLWEtbGFzLTEzLjIxLjEzLnBuZyIsInNsaWRlc2hvdyI6IjYzMzIyMTMifQ%3D%3D\">\n\t\t\t\t\t<div class=\"e-gallery-image elementor-gallery-item__image\" data-thumbnail=\"https:\/\/maxirodriguez.net\/wp-content\/uploads\/2023\/11\/captura-de-pantalla-2023-11-03-a-las-13.21.13-1024x645.png\" data-width=\"800\" data-height=\"504\" aria-label=\"\" role=\"img\" ><\/div>\n\t\t\t\t\t\t\t\t\t\t\t<div class=\"elementor-gallery-item__overlay\"><\/div>\n\t\t\t\t\t\t\t\t\t\t\t\t\t\t<\/a>\n\t\t\t\t\t\t\t<a class=\"e-gallery-item elementor-gallery-item elementor-animated-content\" href=\"https:\/\/maxirodriguez.net\/wp-content\/uploads\/2023\/11\/captura-de-pantalla-2023-11-03-a-las-13.22.50.png\" data-elementor-open-lightbox=\"yes\" data-elementor-lightbox-slideshow=\"6332213\" data-elementor-lightbox-title=\"Captura de pantalla 2023-11-03 a las 13.22.50\" data-e-action-hash=\"#elementor-action%3Aaction%3Dlightbox%26settings%3DeyJpZCI6NDYzOCwidXJsIjoiaHR0cHM6XC9cL21heGlyb2RyaWd1ZXoubmV0XC93cC1jb250ZW50XC91cGxvYWRzXC8yMDIzXC8xMVwvY2FwdHVyYS1kZS1wYW50YWxsYS0yMDIzLTExLTAzLWEtbGFzLTEzLjIyLjUwLnBuZyIsInNsaWRlc2hvdyI6IjYzMzIyMTMifQ%3D%3D\">\n\t\t\t\t\t<div class=\"e-gallery-image elementor-gallery-item__image\" data-thumbnail=\"https:\/\/maxirodriguez.net\/wp-content\/uploads\/2023\/11\/captura-de-pantalla-2023-11-03-a-las-13.22.50-1024x1010.png\" data-width=\"800\" data-height=\"789\" aria-label=\"\" role=\"img\" ><\/div>\n\t\t\t\t\t\t\t\t\t\t\t<div class=\"elementor-gallery-item__overlay\"><\/div>\n\t\t\t\t\t\t\t\t\t\t\t\t\t\t<\/a>\n\t\t\t\t\t\t\t<a class=\"e-gallery-item elementor-gallery-item elementor-animated-content\" href=\"https:\/\/maxirodriguez.net\/wp-content\/uploads\/2023\/11\/captura-de-pantalla-2023-11-03-a-las-13.25.01.png\" data-elementor-open-lightbox=\"yes\" data-elementor-lightbox-slideshow=\"6332213\" data-elementor-lightbox-title=\"Captura de pantalla 2023-11-03 a las 13.25.01\" data-e-action-hash=\"#elementor-action%3Aaction%3Dlightbox%26settings%3DeyJpZCI6NDYzOSwidXJsIjoiaHR0cHM6XC9cL21heGlyb2RyaWd1ZXoubmV0XC93cC1jb250ZW50XC91cGxvYWRzXC8yMDIzXC8xMVwvY2FwdHVyYS1kZS1wYW50YWxsYS0yMDIzLTExLTAzLWEtbGFzLTEzLjI1LjAxLnBuZyIsInNsaWRlc2hvdyI6IjYzMzIyMTMifQ%3D%3D\">\n\t\t\t\t\t<div class=\"e-gallery-image elementor-gallery-item__image\" data-thumbnail=\"https:\/\/maxirodriguez.net\/wp-content\/uploads\/2023\/11\/captura-de-pantalla-2023-11-03-a-las-13.25.01-844x1024.png\" data-width=\"800\" data-height=\"971\" aria-label=\"\" role=\"img\" ><\/div>\n\t\t\t\t\t\t\t\t\t\t\t<div class=\"elementor-gallery-item__overlay\"><\/div>\n\t\t\t\t\t\t\t\t\t\t\t\t\t\t<\/a>\n\t\t\t\t\t\t\t<a class=\"e-gallery-item elementor-gallery-item elementor-animated-content\" href=\"https:\/\/maxirodriguez.net\/wp-content\/uploads\/2023\/11\/captura-de-pantalla-2023-11-03-a-las-13.25.25.png\" data-elementor-open-lightbox=\"yes\" data-elementor-lightbox-slideshow=\"6332213\" data-elementor-lightbox-title=\"Captura de pantalla 2023-11-03 a las 13.25.25\" data-e-action-hash=\"#elementor-action%3Aaction%3Dlightbox%26settings%3DeyJpZCI6NDY0MCwidXJsIjoiaHR0cHM6XC9cL21heGlyb2RyaWd1ZXoubmV0XC93cC1jb250ZW50XC91cGxvYWRzXC8yMDIzXC8xMVwvY2FwdHVyYS1kZS1wYW50YWxsYS0yMDIzLTExLTAzLWEtbGFzLTEzLjI1LjI1LnBuZyIsInNsaWRlc2hvdyI6IjYzMzIyMTMifQ%3D%3D\">\n\t\t\t\t\t<div class=\"e-gallery-image elementor-gallery-item__image\" data-thumbnail=\"https:\/\/maxirodriguez.net\/wp-content\/uploads\/2023\/11\/captura-de-pantalla-2023-11-03-a-las-13.25.25-1015x1024.png\" data-width=\"800\" data-height=\"807\" aria-label=\"\" role=\"img\" ><\/div>\n\t\t\t\t\t\t\t\t\t\t\t<div class=\"elementor-gallery-item__overlay\"><\/div>\n\t\t\t\t\t\t\t\t\t\t\t\t\t\t<\/a>\n\t\t\t\t\t\t\t<a class=\"e-gallery-item elementor-gallery-item elementor-animated-content\" href=\"https:\/\/maxirodriguez.net\/wp-content\/uploads\/2023\/11\/captura-de-pantalla-2023-11-03-a-las-13.22.46.png\" data-elementor-open-lightbox=\"yes\" data-elementor-lightbox-slideshow=\"6332213\" data-elementor-lightbox-title=\"Captura de pantalla 2023-11-03 a las 13.22.46\" data-e-action-hash=\"#elementor-action%3Aaction%3Dlightbox%26settings%3DeyJpZCI6NDY0MiwidXJsIjoiaHR0cHM6XC9cL21heGlyb2RyaWd1ZXoubmV0XC93cC1jb250ZW50XC91cGxvYWRzXC8yMDIzXC8xMVwvY2FwdHVyYS1kZS1wYW50YWxsYS0yMDIzLTExLTAzLWEtbGFzLTEzLjIyLjQ2LnBuZyIsInNsaWRlc2hvdyI6IjYzMzIyMTMifQ%3D%3D\">\n\t\t\t\t\t<div class=\"e-gallery-image elementor-gallery-item__image\" data-thumbnail=\"https:\/\/maxirodriguez.net\/wp-content\/uploads\/2023\/11\/captura-de-pantalla-2023-11-03-a-las-13.22.46-1024x866.png\" data-width=\"800\" data-height=\"677\" aria-label=\"\" role=\"img\" ><\/div>\n\t\t\t\t\t\t\t\t\t\t\t<div class=\"elementor-gallery-item__overlay\"><\/div>\n\t\t\t\t\t\t\t\t\t\t\t\t\t\t<\/a>\n\t\t\t\t\t\t\t<a class=\"e-gallery-item elementor-gallery-item elementor-animated-content\" href=\"https:\/\/maxirodriguez.net\/wp-content\/uploads\/2023\/11\/captura-de-pantalla-2023-11-03-a-las-13.25.46.png\" data-elementor-open-lightbox=\"yes\" data-elementor-lightbox-slideshow=\"6332213\" data-elementor-lightbox-title=\"Captura de pantalla 2023-11-03 a las 13.25.46\" data-e-action-hash=\"#elementor-action%3Aaction%3Dlightbox%26settings%3DeyJpZCI6NDY0MywidXJsIjoiaHR0cHM6XC9cL21heGlyb2RyaWd1ZXoubmV0XC93cC1jb250ZW50XC91cGxvYWRzXC8yMDIzXC8xMVwvY2FwdHVyYS1kZS1wYW50YWxsYS0yMDIzLTExLTAzLWEtbGFzLTEzLjI1LjQ2LnBuZyIsInNsaWRlc2hvdyI6IjYzMzIyMTMifQ%3D%3D\">\n\t\t\t\t\t<div class=\"e-gallery-image elementor-gallery-item__image\" data-thumbnail=\"https:\/\/maxirodriguez.net\/wp-content\/uploads\/2023\/11\/captura-de-pantalla-2023-11-03-a-las-13.25.46-1024x685.png\" data-width=\"800\" data-height=\"535\" aria-label=\"\" role=\"img\" ><\/div>\n\t\t\t\t\t\t\t\t\t\t\t<div class=\"elementor-gallery-item__overlay\"><\/div>\n\t\t\t\t\t\t\t\t\t\t\t\t\t\t<\/a>\n\t\t\t\t\t<\/div>\n\t\t\t\t\t<\/div>\n\t\t\t\t<\/div>\n\t\t\t\t\t<\/div>\n\t\t<\/div>\n\t\t\t\t\t<\/div>\n\t\t<\/section>\n\t\t\t\t<\/div>","protected":false},"excerpt":{"rendered":"<p>Literary film actor: by Carlos Navarro. The dead are not touched, baby: Feature film by Jos\u00e9 Luis Garc\u00eda S\u00e1nchez. Forjados: Short film by Asier Iza \u2013 Protagonist Gordos: Second feature film by Daniel S\u00e1nchez Ar\u00e9valo \u2013 Cast Las Mofas M\u00e1gicas: Short film by Daniel Rebner \u2013 Protagonist Maxi in short: Cycle of short films made at CICA (Center for [\u2026]<\/p>","protected":false},"author":4,"featured_media":14097,"parent":0,"menu_order":10,"comment_status":"closed","ping_status":"closed","template":"elementor_header_footer","meta":{"_joinchat":[],"footnotes":""},"class_list":["post-4039","page","type-page","status-publish","has-post-thumbnail","hentry"],"yoast_head":"<!-- This site is optimized with the Yoast SEO plugin v24.4 - https:\/\/yoast.com\/wordpress\/plugins\/seo\/ -->\n<title>Actor de Cine | Maxi Rodr\u00edguez<\/title>\n<meta name=\"description\" content=\"Actor, guionista, profesor de comunicaci\u00f3n y expresi\u00f3n dram\u00e1tica y director de escena.\" \/>\n<meta name=\"robots\" content=\"index, follow, max-snippet:-1, max-image-preview:large, max-video-preview:-1\" \/>\n<link rel=\"canonical\" href=\"https:\/\/maxirodriguez.net\/en\/cinema-actor\/\" \/>\n<meta property=\"og:locale\" content=\"en_US\" \/>\n<meta property=\"og:type\" content=\"article\" \/>\n<meta property=\"og:title\" content=\"Actor de Cine | Maxi Rodr\u00edguez\" \/>\n<meta property=\"og:description\" content=\"Actor, guionista, profesor de comunicaci\u00f3n y expresi\u00f3n dram\u00e1tica y director de escena.\" \/>\n<meta property=\"og:url\" content=\"https:\/\/maxirodriguez.net\/en\/cinema-actor\/\" \/>\n<meta property=\"og:site_name\" content=\"Maxi Rodr\u00edguez\" \/>\n<meta property=\"article:modified_time\" content=\"2023-11-09T18:15:53+00:00\" \/>\n<meta property=\"og:image\" content=\"https:\/\/maxirodriguez.net\/wp-content\/uploads\/2023\/11\/captura-de-pantalla-2023-11-09-a-las-19.08.48-1024x956.png\" \/>\n\t<meta property=\"og:image:width\" content=\"1024\" \/>\n\t<meta property=\"og:image:height\" content=\"956\" \/>\n\t<meta property=\"og:image:type\" content=\"image\/png\" \/>\n<meta name=\"twitter:card\" content=\"summary_large_image\" \/>\n<script type=\"application\/ld+json\" class=\"yoast-schema-graph\">{\"@context\":\"https:\/\/schema.org\",\"@graph\":[{\"@type\":\"WebPage\",\"@id\":\"https:\/\/maxirodriguez.net\/actor-de-cine\/\",\"url\":\"https:\/\/maxirodriguez.net\/actor-de-cine\/\",\"name\":\"Actor de Cine | Maxi Rodr\u00edguez\",\"isPartOf\":{\"@id\":\"https:\/\/maxirodriguez.net\/#website\"},\"primaryImageOfPage\":{\"@id\":\"https:\/\/maxirodriguez.net\/actor-de-cine\/#primaryimage\"},\"image\":{\"@id\":\"https:\/\/maxirodriguez.net\/actor-de-cine\/#primaryimage\"},\"thumbnailUrl\":\"https:\/\/maxirodriguez.net\/wp-content\/uploads\/2023\/11\/captura-de-pantalla-2023-11-09-a-las-19.08.48.png\",\"datePublished\":\"2023-10-02T17:21:30+00:00\",\"dateModified\":\"2023-11-09T18:15:53+00:00\",\"description\":\"Actor, guionista, profesor de comunicaci\u00f3n y expresi\u00f3n dram\u00e1tica y director de escena.\",\"breadcrumb\":{\"@id\":\"https:\/\/maxirodriguez.net\/actor-de-cine\/#breadcrumb\"},\"inLanguage\":\"en-US\",\"potentialAction\":[{\"@type\":\"ReadAction\",\"target\":[\"https:\/\/maxirodriguez.net\/actor-de-cine\/\"]}]},{\"@type\":\"ImageObject\",\"inLanguage\":\"en-US\",\"@id\":\"https:\/\/maxirodriguez.net\/actor-de-cine\/#primaryimage\",\"url\":\"https:\/\/maxirodriguez.net\/wp-content\/uploads\/2023\/11\/captura-de-pantalla-2023-11-09-a-las-19.08.48.png\",\"contentUrl\":\"https:\/\/maxirodriguez.net\/wp-content\/uploads\/2023\/11\/captura-de-pantalla-2023-11-09-a-las-19.08.48.png\",\"width\":1508,\"height\":1408},{\"@type\":\"BreadcrumbList\",\"@id\":\"https:\/\/maxirodriguez.net\/actor-de-cine\/#breadcrumb\",\"itemListElement\":[{\"@type\":\"ListItem\",\"position\":1,\"name\":\"Inicio\",\"item\":\"https:\/\/maxirodriguez.net\/\"},{\"@type\":\"ListItem\",\"position\":2,\"name\":\"Actor de Cine\"}]},{\"@type\":\"WebSite\",\"@id\":\"https:\/\/maxirodriguez.net\/#website\",\"url\":\"https:\/\/maxirodriguez.net\/\",\"name\":\"Maxi Rodr\u00edguez\",\"description\":\"Dramaturgo, actor, guionista, escritor, director de escena...\",\"publisher\":{\"@id\":\"https:\/\/maxirodriguez.net\/#organization\"},\"potentialAction\":[{\"@type\":\"SearchAction\",\"target\":{\"@type\":\"EntryPoint\",\"urlTemplate\":\"https:\/\/maxirodriguez.net\/?s={search_term_string}\"},\"query-input\":{\"@type\":\"PropertyValueSpecification\",\"valueRequired\":true,\"valueName\":\"search_term_string\"}}],\"inLanguage\":\"en-US\"},{\"@type\":\"Organization\",\"@id\":\"https:\/\/maxirodriguez.net\/#organization\",\"name\":\"Maxi Rodr\u00edguez\",\"url\":\"https:\/\/maxirodriguez.net\/\",\"logo\":{\"@type\":\"ImageObject\",\"inLanguage\":\"en-US\",\"@id\":\"https:\/\/maxirodriguez.net\/#\/schema\/logo\/image\/\",\"url\":\"https:\/\/maxirodriguez.net\/wp-content\/uploads\/2023\/11\/captura-de-pantalla-2023-11-09-a-las-19.08.48-1024x956.png\",\"contentUrl\":\"https:\/\/maxirodriguez.net\/wp-content\/uploads\/2023\/11\/captura-de-pantalla-2023-11-09-a-las-19.08.48-1024x956.png\",\"width\":1024,\"height\":956,\"caption\":\"Maxi Rodr\u00edguez\"},\"image\":{\"@id\":\"https:\/\/maxirodriguez.net\/#\/schema\/logo\/image\/\"}}]}<\/script>\n<!-- \/ Yoast SEO plugin. -->","yoast_head_json":{"title":"Actor de Cine | Maxi Rodr\u00edguez","description":"Actor, guionista, profesor de comunicaci\u00f3n y expresi\u00f3n dram\u00e1tica y director de escena.","robots":{"index":"index","follow":"follow","max-snippet":"max-snippet:-1","max-image-preview":"max-image-preview:large","max-video-preview":"max-video-preview:-1"},"canonical":"https:\/\/maxirodriguez.net\/en\/cinema-actor\/","og_locale":"en_US","og_type":"article","og_title":"Actor de Cine | Maxi Rodr\u00edguez","og_description":"Actor, guionista, profesor de comunicaci\u00f3n y expresi\u00f3n dram\u00e1tica y director de escena.","og_url":"https:\/\/maxirodriguez.net\/en\/cinema-actor\/","og_site_name":"Maxi Rodr\u00edguez","article_modified_time":"2023-11-09T18:15:53+00:00","og_image":[{"width":1024,"height":956,"url":"https:\/\/maxirodriguez.net\/wp-content\/uploads\/2023\/11\/captura-de-pantalla-2023-11-09-a-las-19.08.48-1024x956.png","type":"image\/png"}],"twitter_card":"summary_large_image","schema":{"@context":"https:\/\/schema.org","@graph":[{"@type":"WebPage","@id":"https:\/\/maxirodriguez.net\/actor-de-cine\/","url":"https:\/\/maxirodriguez.net\/actor-de-cine\/","name":"Actor de Cine | Maxi Rodr\u00edguez","isPartOf":{"@id":"https:\/\/maxirodriguez.net\/#website"},"primaryImageOfPage":{"@id":"https:\/\/maxirodriguez.net\/actor-de-cine\/#primaryimage"},"image":{"@id":"https:\/\/maxirodriguez.net\/actor-de-cine\/#primaryimage"},"thumbnailUrl":"https:\/\/maxirodriguez.net\/wp-content\/uploads\/2023\/11\/captura-de-pantalla-2023-11-09-a-las-19.08.48.png","datePublished":"2023-10-02T17:21:30+00:00","dateModified":"2023-11-09T18:15:53+00:00","description":"Actor, guionista, profesor de comunicaci\u00f3n y expresi\u00f3n dram\u00e1tica y director de escena.","breadcrumb":{"@id":"https:\/\/maxirodriguez.net\/actor-de-cine\/#breadcrumb"},"inLanguage":"en-US","potentialAction":[{"@type":"ReadAction","target":["https:\/\/maxirodriguez.net\/actor-de-cine\/"]}]},{"@type":"ImageObject","inLanguage":"en-US","@id":"https:\/\/maxirodriguez.net\/actor-de-cine\/#primaryimage","url":"https:\/\/maxirodriguez.net\/wp-content\/uploads\/2023\/11\/captura-de-pantalla-2023-11-09-a-las-19.08.48.png","contentUrl":"https:\/\/maxirodriguez.net\/wp-content\/uploads\/2023\/11\/captura-de-pantalla-2023-11-09-a-las-19.08.48.png","width":1508,"height":1408},{"@type":"BreadcrumbList","@id":"https:\/\/maxirodriguez.net\/actor-de-cine\/#breadcrumb","itemListElement":[{"@type":"ListItem","position":1,"name":"Inicio","item":"https:\/\/maxirodriguez.net\/"},{"@type":"ListItem","position":2,"name":"Actor de Cine"}]},{"@type":"WebSite","@id":"https:\/\/maxirodriguez.net\/#website","url":"https:\/\/maxirodriguez.net\/","name":"Maxi Rodr\u00edguez","description":"Dramaturgo, actor, guionista, escritor, director de escena...","publisher":{"@id":"https:\/\/maxirodriguez.net\/#organization"},"potentialAction":[{"@type":"SearchAction","target":{"@type":"EntryPoint","urlTemplate":"https:\/\/maxirodriguez.net\/?s={search_term_string}"},"query-input":{"@type":"PropertyValueSpecification","valueRequired":true,"valueName":"search_term_string"}}],"inLanguage":"en-US"},{"@type":"Organization","@id":"https:\/\/maxirodriguez.net\/#organization","name":"Maxi Rodr\u00edguez","url":"https:\/\/maxirodriguez.net\/","logo":{"@type":"ImageObject","inLanguage":"en-US","@id":"https:\/\/maxirodriguez.net\/#\/schema\/logo\/image\/","url":"https:\/\/maxirodriguez.net\/wp-content\/uploads\/2023\/11\/captura-de-pantalla-2023-11-09-a-las-19.08.48-1024x956.png","contentUrl":"https:\/\/maxirodriguez.net\/wp-content\/uploads\/2023\/11\/captura-de-pantalla-2023-11-09-a-las-19.08.48-1024x956.png","width":1024,"height":956,"caption":"Maxi Rodr\u00edguez"},"image":{"@id":"https:\/\/maxirodriguez.net\/#\/schema\/logo\/image\/"}}]}},"_links":{"self":[{"href":"https:\/\/maxirodriguez.net\/en\/wp-json\/wp\/v2\/pages\/4039","targetHints":{"allow":["GET"]}}],"collection":[{"href":"https:\/\/maxirodriguez.net\/en\/wp-json\/wp\/v2\/pages"}],"about":[{"href":"https:\/\/maxirodriguez.net\/en\/wp-json\/wp\/v2\/types\/page"}],"author":[{"embeddable":true,"href":"https:\/\/maxirodriguez.net\/en\/wp-json\/wp\/v2\/users\/4"}],"replies":[{"embeddable":true,"href":"https:\/\/maxirodriguez.net\/en\/wp-json\/wp\/v2\/comments?post=4039"}],"version-history":[{"count":5,"href":"https:\/\/maxirodriguez.net\/en\/wp-json\/wp\/v2\/pages\/4039\/revisions"}],"predecessor-version":[{"id":7680,"href":"https:\/\/maxirodriguez.net\/en\/wp-json\/wp\/v2\/pages\/4039\/revisions\/7680"}],"wp:featuredmedia":[{"embeddable":true,"href":"https:\/\/maxirodriguez.net\/en\/wp-json\/wp\/v2\/media\/14097"}],"wp:attachment":[{"href":"https:\/\/maxirodriguez.net\/en\/wp-json\/wp\/v2\/media?parent=4039"}],"curies":[{"name":"wp","href":"https:\/\/api.w.org\/{rel}","templated":true}]}}