{"id":1169,"date":"2023-08-09T16:55:48","date_gmt":"2023-08-09T14:55:48","guid":{"rendered":"https:\/\/maxirodriguez.net\/?page_id=1169"},"modified":"2023-11-09T19:16:50","modified_gmt":"2023-11-09T18:16:50","slug":"libros","status":"publish","type":"page","link":"https:\/\/maxirodriguez.net\/en\/books\/","title":{"rendered":"Books"},"content":{"rendered":"<div data-elementor-type=\"wp-page\" data-elementor-id=\"1169\" class=\"elementor elementor-1169\" data-elementor-post-type=\"page\">\n\t\t\t\t\t\t<section class=\"elementor-section elementor-top-section elementor-element elementor-element-f847398 elementor-section-full_width elementor-section-height-default elementor-section-height-default\" data-id=\"f847398\" data-element_type=\"section\">\n\t\t\t\t\t\t<div class=\"elementor-container elementor-column-gap-default\">\n\t\t\t\t\t<div class=\"elementor-column elementor-col-100 elementor-top-column elementor-element elementor-element-9a97759\" data-id=\"9a97759\" data-element_type=\"column\">\n\t\t\t<div class=\"elementor-widget-wrap elementor-element-populated\">\n\t\t\t\t\t\t<div class=\"elementor-element elementor-element-cdf2310 elementor-widget__width-auto elementor-mobile-align-center elementor-widget-mobile__width-auto elementor-widget elementor-widget-breadcrumbs\" data-id=\"cdf2310\" data-element_type=\"widget\" data-widget_type=\"breadcrumbs.default\">\n\t\t\t\t<div class=\"elementor-widget-container\">\n\t\t\t\t\t<p id=\"breadcrumbs\"><span><span><a href=\"https:\/\/maxirodriguez.net\/en\">Start<\/a><\/span><\/span><\/p>\t\t\t\t<\/div>\n\t\t\t\t<\/div>\n\t\t\t\t<div class=\"elementor-element elementor-element-cb79bd5 elementor-invisible elementor-widget elementor-widget-heading\" data-id=\"cb79bd5\" data-element_type=\"widget\" data-settings=\"{&quot;_animation&quot;:&quot;fadeInUp&quot;}\" data-widget_type=\"heading.default\">\n\t\t\t\t<div class=\"elementor-widget-container\">\n\t\t\t\t\t<h1 class=\"elementor-heading-title elementor-size-default\">Books<\/h1>\t\t\t\t<\/div>\n\t\t\t\t<\/div>\n\t\t\t\t<div class=\"elementor-element elementor-element-df08ef1 elementor-widget-divider--view-line elementor-widget elementor-widget-divider\" data-id=\"df08ef1\" data-element_type=\"widget\" data-widget_type=\"divider.default\">\n\t\t\t\t<div class=\"elementor-widget-container\">\n\t\t\t\t\t\t\t<div class=\"elementor-divider\">\n\t\t\t<span class=\"elementor-divider-separator\">\n\t\t\t\t\t\t<\/span>\n\t\t<\/div>\n\t\t\t\t\t\t<\/div>\n\t\t\t\t<\/div>\n\t\t\t\t\t<\/div>\n\t\t<\/div>\n\t\t\t\t\t<\/div>\n\t\t<\/section>\n\t\t\t\t<section class=\"elementor-section elementor-top-section elementor-element elementor-element-bbcef23 elementor-section-boxed elementor-section-height-default elementor-section-height-default\" data-id=\"bbcef23\" data-element_type=\"section\">\n\t\t\t\t\t\t<div class=\"elementor-container elementor-column-gap-default\">\n\t\t\t\t\t<div class=\"elementor-column elementor-col-100 elementor-top-column elementor-element elementor-element-c26c000\" data-id=\"c26c000\" data-element_type=\"column\">\n\t\t\t<div class=\"elementor-widget-wrap elementor-element-populated\">\n\t\t\t\t\t\t<div class=\"elementor-element elementor-element-bbba978 elementor-widget elementor-widget-text-editor\" data-id=\"bbba978\" data-element_type=\"widget\" data-widget_type=\"text-editor.default\">\n\t\t\t\t<div class=\"elementor-widget-container\">\n\t\t\t\t\t\t\t\t\t<p>\u00a0<\/p><div><ul style=\"font-size: 19.2px; background-color: #ffffff;\"><li style=\"font-size: 19.2px;\"><span style=\"font-weight: bolder;\">3 PRIZES Oh!\u201d\u00a0<a href=\"https:\/\/orpheus.es\/shop\/tres-premios-oh-maxi-rodriguez\/\">[+]<\/a><br \/><\/span><\/li><li style=\"font-size: 19.2px;\"><span style=\"font-weight: bolder;\">LEAR OR THE KING SPORT\u00a0<a href=\"https:\/\/www.librosdelko.com\/products\/lear-o-el-deporte-rey\">[+]<\/a><\/span><\/li><\/ul><\/div><ul><li><strong>PANDEMIC IN VILLALPANDO <a href=\"https:\/\/orpheus.es\/shop\/pandemiando-en-villalpando-maxi-rodriguez\/\">[+]<\/a><br \/><\/strong>Published by Orpheus Editorial<\/li><\/ul><ul><li><b>HOW DOES OUR LOOK LIKE?<\/b><br \/>Published by EDITORIAL AGUILAR, GRUPO PRISA<\/li><li><b>SINCE I WAS TIRED, I GOT STUCK<br \/><\/b>Aznares-Spanish dictionary \/ Aznares Spanish<br \/>Narrative work in a humorous tone published by LA EFERA DE LOS BOOKS.<\/li><li><b>STOPING IN VILLALPANDO <a href=\"http:\/\/www.parandoenvillalpando.com\/\">[+]<\/a><br \/><\/b>Weekly collaboration in the newspaper \u201cLa Nueva Espa\u00f1a\u201d<\/li><li><b>EXPLAINING <a href=\"http:\/\/www.interviu.es\/un-verano-10\/explayando\/\">[+]<\/a><br \/><\/b>Monthly collaboration with \u201cINTERVI\u00da\u201d magazine<\/li><li><strong>PRECARIOUS THEATER <a href=\"https:\/\/www.atlanticaxxii.com\/category\/cultura\/maxi-rodriguez\/\">[+]<\/a><\/strong><br \/>Secci\u00f3n fija en la revista \u00abATL\u00c1NTICA XXII\u00bb\u00a0\u00a0<\/li><li><b>LIVE YOUR TOILET<br \/><\/b>Finalist for the PAPAGAYO AWARD for humorous narrative from the publishing house Temas de Hoy<\/li><li><b>THE LONELY COWBOY<br \/><\/b>Gui\u00f3n de c\u00f3mic para el diario \u00abLa Nueva Espa\u00f1a\u00bb<\/li><li><b>THE DRAMON OF &#039;92<br \/><\/b>Dramaturgy on own press articles<\/li><li><b>ENCOUNTERS ON THE MAT<br \/><\/b>Colaboraci\u00f3n literaria en el diario \u00abLa Nueva Espa\u00f1a\u00bb<\/li><li><b>THE LOVES OF VELINO<br \/><\/b>Colaboraci\u00f3n diaria en el diario \u00abLa Nueva Espa\u00f1a<\/li><\/ul>\t\t\t\t\t\t\t\t<\/div>\n\t\t\t\t<\/div>\n\t\t\t\t\t<\/div>\n\t\t<\/div>\n\t\t\t\t\t<\/div>\n\t\t<\/section>\n\t\t\t\t<section class=\"elementor-section elementor-top-section elementor-element elementor-element-3773a84 elementor-section-boxed elementor-section-height-default elementor-section-height-default\" data-id=\"3773a84\" data-element_type=\"section\">\n\t\t\t\t\t\t<div class=\"elementor-container elementor-column-gap-no\">\n\t\t\t\t\t<div class=\"elementor-column elementor-col-100 elementor-top-column elementor-element elementor-element-508cee6\" data-id=\"508cee6\" data-element_type=\"column\">\n\t\t\t<div class=\"elementor-widget-wrap elementor-element-populated\">\n\t\t\t\t\t\t<div class=\"elementor-element elementor-element-056270c elementor-skin-carousel elementor-arrows-yes elementor-widget elementor-widget-media-carousel\" data-id=\"056270c\" data-element_type=\"widget\" data-settings=\"{&quot;slides_per_view&quot;:&quot;7&quot;,&quot;space_between_mobile&quot;:{&quot;unit&quot;:&quot;px&quot;,&quot;size&quot;:1,&quot;sizes&quot;:[]},&quot;space_between_tablet&quot;:{&quot;unit&quot;:&quot;px&quot;,&quot;size&quot;:0,&quot;sizes&quot;:[]},&quot;slides_per_view_tablet&quot;:&quot;3&quot;,&quot;slides_to_scroll_tablet&quot;:&quot;2&quot;,&quot;slides_to_scroll&quot;:&quot;3&quot;,&quot;lazyload&quot;:&quot;yes&quot;,&quot;skin&quot;:&quot;carousel&quot;,&quot;effect&quot;:&quot;slide&quot;,&quot;show_arrows&quot;:&quot;yes&quot;,&quot;speed&quot;:500,&quot;autoplay&quot;:&quot;yes&quot;,&quot;autoplay_speed&quot;:5000,&quot;loop&quot;:&quot;yes&quot;,&quot;pause_on_hover&quot;:&quot;yes&quot;,&quot;pause_on_interaction&quot;:&quot;yes&quot;,&quot;space_between&quot;:{&quot;unit&quot;:&quot;px&quot;,&quot;size&quot;:10,&quot;sizes&quot;:[]}}\" data-widget_type=\"media-carousel.default\">\n\t\t\t\t<div class=\"elementor-widget-container\">\n\t\t\t\t\t\t\t\t\t<div class=\"elementor-swiper\">\n\t\t\t\t\t<div class=\"elementor-main-swiper swiper\" role=\"region\" aria-roledescription=\"carousel\" aria-label=\"Slides\">\n\t\t\t\t<div class=\"swiper-wrapper\">\n\t\t\t\t\t\t\t\t\t\t\t<div class=\"swiper-slide\" role=\"group\" aria-roledescription=\"slide\">\n\t\t\t\t\t\t\t\t\t<div class=\"elementor-carousel-image swiper-lazy\" role=\"img\" aria-label=\"978849734129\" data-background=\"https:\/\/maxirodriguez.net\/wp-content\/uploads\/2023\/10\/978849734129.gif\">\n\n\t\t\t\t\t\t\t<div class=\"swiper-lazy-preloader\"><\/div>\n\t\t\t\n\t\t\t\t\t<\/div>\n\t\t\t\t\t\t\t\t<\/div>\n\t\t\t\t\t\t\t\t\t\t\t<div class=\"swiper-slide\" role=\"group\" aria-roledescription=\"slide\">\n\t\t\t\t\t\t\t\t\t<div class=\"elementor-carousel-image swiper-lazy\" role=\"img\" aria-label=\"81fJ8JkzVmL._AC_UF1000,1000_QL80_\" data-background=\"https:\/\/maxirodriguez.net\/wp-content\/uploads\/2023\/10\/81fj8jkzvml._ac_uf10001000_ql80_.jpg\">\n\n\t\t\t\t\t\t\t<div class=\"swiper-lazy-preloader\"><\/div>\n\t\t\t\n\t\t\t\t\t<\/div>\n\t\t\t\t\t\t\t\t<\/div>\n\t\t\t\t\t\t\t\t\t\t\t<div class=\"swiper-slide\" role=\"group\" aria-roledescription=\"slide\">\n\t\t\t\t\t\t\t\t\t<div class=\"elementor-carousel-image swiper-lazy\" role=\"img\" aria-label=\"9788412432695\" data-background=\"https:\/\/maxirodriguez.net\/wp-content\/uploads\/2023\/10\/9788412432695.jpg\">\n\n\t\t\t\t\t\t\t<div class=\"swiper-lazy-preloader\"><\/div>\n\t\t\t\n\t\t\t\t\t<\/div>\n\t\t\t\t\t\t\t\t<\/div>\n\t\t\t\t\t\t\t\t\t\t\t<div class=\"swiper-slide\" role=\"group\" aria-roledescription=\"slide\">\n\t\t\t\t\t\t\t\t\t<div class=\"elementor-carousel-image swiper-lazy\" role=\"img\" aria-label=\"0102\" data-background=\"https:\/\/maxirodriguez.net\/wp-content\/uploads\/2023\/10\/0102.webp\">\n\n\t\t\t\t\t\t\t<div class=\"swiper-lazy-preloader\"><\/div>\n\t\t\t\n\t\t\t\t\t<\/div>\n\t\t\t\t\t\t\t\t<\/div>\n\t\t\t\t\t\t\t\t\t\t\t<div class=\"swiper-slide\" role=\"group\" aria-roledescription=\"slide\">\n\t\t\t\t\t\t\t\t\t<div class=\"elementor-carousel-image swiper-lazy\" role=\"img\" aria-label=\"774584_IMAGE_COVER_G_001\" data-background=\"https:\/\/maxirodriguez.net\/wp-content\/uploads\/2023\/10\/774584_imagen_tapa_g_001.jpg\">\n\n\t\t\t\t\t\t\t<div class=\"swiper-lazy-preloader\"><\/div>\n\t\t\t\n\t\t\t\t\t<\/div>\n\t\t\t\t\t\t\t\t<\/div>\n\t\t\t\t\t\t\t\t\t\t\t<div class=\"swiper-slide\" role=\"group\" aria-roledescription=\"slide\">\n\t\t\t\t\t\t\t\t\t<div class=\"elementor-carousel-image swiper-lazy\" role=\"img\" aria-label=\"Screenshot 2023-10-30 at 17.09.24\" data-background=\"https:\/\/maxirodriguez.net\/wp-content\/uploads\/2023\/10\/captura-de-pantalla-2023-10-30-a-las-17.09.24.png\">\n\n\t\t\t\t\t\t\t<div class=\"swiper-lazy-preloader\"><\/div>\n\t\t\t\n\t\t\t\t\t<\/div>\n\t\t\t\t\t\t\t\t<\/div>\n\t\t\t\t\t\t\t\t\t\t\t<div class=\"swiper-slide\" role=\"group\" aria-roledescription=\"slide\">\n\t\t\t\t\t\t\t\t\t<div class=\"elementor-carousel-image swiper-lazy\" role=\"img\" aria-label=\"51PSiFe0GCL\" data-background=\"https:\/\/maxirodriguez.net\/wp-content\/uploads\/2023\/10\/51psife0gcl.jpg\">\n\n\t\t\t\t\t\t\t<div class=\"swiper-lazy-preloader\"><\/div>\n\t\t\t\n\t\t\t\t\t<\/div>\n\t\t\t\t\t\t\t\t<\/div>\n\t\t\t\t\t\t\t\t\t\t\t<div class=\"swiper-slide\" role=\"group\" aria-roledescription=\"slide\">\n\t\t\t\t\t\t\t\t\t<div class=\"elementor-carousel-image swiper-lazy\" role=\"img\" aria-label=\"Screenshot 2023-10-30 at 17.14.27\" data-background=\"https:\/\/maxirodriguez.net\/wp-content\/uploads\/2023\/10\/captura-de-pantalla-2023-10-30-a-las-17.14.27.png\">\n\n\t\t\t\t\t\t\t<div class=\"swiper-lazy-preloader\"><\/div>\n\t\t\t\n\t\t\t\t\t<\/div>\n\t\t\t\t\t\t\t\t<\/div>\n\t\t\t\t\t\t\t\t\t\t\t<div class=\"swiper-slide\" role=\"group\" aria-roledescription=\"slide\">\n\t\t\t\t\t\t\t\t\t<div class=\"elementor-carousel-image swiper-lazy\" role=\"img\" aria-label=\"9788483673096\" data-background=\"https:\/\/maxirodriguez.net\/wp-content\/uploads\/2023\/10\/9788483673096.jpg\">\n\n\t\t\t\t\t\t\t<div class=\"swiper-lazy-preloader\"><\/div>\n\t\t\t\n\t\t\t\t\t<\/div>\n\t\t\t\t\t\t\t\t<\/div>\n\t\t\t\t\t\t\t\t\t\t\t<div class=\"swiper-slide\" role=\"group\" aria-roledescription=\"slide\">\n\t\t\t\t\t\t\t\t\t<div class=\"elementor-carousel-image swiper-lazy\" role=\"img\" aria-label=\"Screenshot 2023-10-30 at 17.37.44\" data-background=\"https:\/\/maxirodriguez.net\/wp-content\/uploads\/2023\/10\/captura-de-pantalla-2023-10-30-a-las-17.37.44.png\">\n\n\t\t\t\t\t\t\t<div class=\"swiper-lazy-preloader\"><\/div>\n\t\t\t\n\t\t\t\t\t<\/div>\n\t\t\t\t\t\t\t\t<\/div>\n\t\t\t\t\t\t\t\t\t<\/div>\n\t\t\t\t\t\t\t\t\t\t\t\t\t\t\t<div class=\"elementor-swiper-button elementor-swiper-button-prev\" role=\"button\" tabindex=\"0\" aria-label=\"Previous\">\n\t\t\t\t\t\t\t<i aria-hidden=\"true\" class=\"eicon-chevron-left\"><\/i>\t\t\t\t\t\t<\/div>\n\t\t\t\t\t\t<div class=\"elementor-swiper-button elementor-swiper-button-next\" role=\"button\" tabindex=\"0\" aria-label=\"Next\">\n\t\t\t\t\t\t\t<i aria-hidden=\"true\" class=\"eicon-chevron-right\"><\/i>\t\t\t\t\t\t<\/div>\n\t\t\t\t\t\t\t\t\t\t\t\t\t\t\t\t\t<\/div>\n\t\t\t\t<\/div>\n\t\t\t\t\t\t\t\t<\/div>\n\t\t\t\t<\/div>\n\t\t\t\t\t<\/div>\n\t\t<\/div>\n\t\t\t\t\t<\/div>\n\t\t<\/section>\n\t\t\t\t<section class=\"elementor-section elementor-top-section elementor-element elementor-element-83d53b3 elementor-section-boxed elementor-section-height-default elementor-section-height-default\" data-id=\"83d53b3\" data-element_type=\"section\">\n\t\t\t\t\t\t<div class=\"elementor-container elementor-column-gap-default\">\n\t\t\t\t\t<div class=\"elementor-column elementor-col-100 elementor-top-column elementor-element elementor-element-30ec17d\" data-id=\"30ec17d\" data-element_type=\"column\">\n\t\t\t<div class=\"elementor-widget-wrap elementor-element-populated\">\n\t\t\t\t\t\t<div class=\"elementor-element elementor-element-56ce11c elementor-align-center elementor-widget elementor-widget-button\" data-id=\"56ce11c\" data-element_type=\"widget\" data-widget_type=\"button.default\">\n\t\t\t\t<div class=\"elementor-widget-container\">\n\t\t\t\t\t\t\t\t\t<div class=\"elementor-button-wrapper\">\n\t\t\t\t\t<a class=\"elementor-button elementor-button-link elementor-size-md elementor-animation-grow\" href=\"https:\/\/maxirodriguez.net\/en\/contact\/\">\n\t\t\t\t\t\t<span class=\"elementor-button-content-wrapper\">\n\t\t\t\t\t\t\t\t\t<span class=\"elementor-button-text\">Ask for more information<\/span>\n\t\t\t\t\t<\/span>\n\t\t\t\t\t<\/a>\n\t\t\t\t<\/div>\n\t\t\t\t\t\t\t\t<\/div>\n\t\t\t\t<\/div>\n\t\t\t\t\t<\/div>\n\t\t<\/div>\n\t\t\t\t\t<\/div>\n\t\t<\/section>\n\t\t\t\t<\/div>","protected":false},"excerpt":{"rendered":"<p>Books 3 PRIZES Oh!\u201d [+] LEAR OR THE KING SPORT [+] PANDEMIC IN VILLALPANDO [+]Published by Orpheus Editorial HOW DO YOU LIKE WHAT IS OUR?Published by EDITORIAL AGUILAR, GRUPO PRISA AS I WAS TIRED, I WAS STUCK Aznar\u00e9s-Spanish dictionary\/ Aznar\u00e9s SpanishNarrative work in the key of humor published by LA EFERA DE LOS BOOKS. STOPING IN VILLALPANDO [+]Weekly collaboration in the newspaper \u201cLa [\u2026]<\/p>","protected":false},"author":4,"featured_media":14097,"parent":0,"menu_order":7,"comment_status":"closed","ping_status":"closed","template":"elementor_header_footer","meta":{"_joinchat":[],"footnotes":""},"class_list":["post-1169","page","type-page","status-publish","has-post-thumbnail","hentry"],"yoast_head":"<!-- This site is optimized with the Yoast SEO plugin v24.4 - https:\/\/yoast.com\/wordpress\/plugins\/seo\/ -->\n<title>Libros | Maxi Rodr\u00edguez<\/title>\n<meta name=\"description\" content=\"Actor, guionista, profesor de comunicaci\u00f3n y expresi\u00f3n dram\u00e1tica y director de escena.\" \/>\n<meta name=\"robots\" content=\"index, follow, max-snippet:-1, max-image-preview:large, max-video-preview:-1\" \/>\n<link rel=\"canonical\" href=\"https:\/\/maxirodriguez.net\/en\/books\/\" \/>\n<meta property=\"og:locale\" content=\"en_US\" \/>\n<meta property=\"og:type\" content=\"article\" \/>\n<meta property=\"og:title\" content=\"Libros | Maxi Rodr\u00edguez\" \/>\n<meta property=\"og:description\" content=\"Actor, guionista, profesor de comunicaci\u00f3n y expresi\u00f3n dram\u00e1tica y director de escena.\" \/>\n<meta property=\"og:url\" content=\"https:\/\/maxirodriguez.net\/en\/books\/\" \/>\n<meta property=\"og:site_name\" content=\"Maxi Rodr\u00edguez\" \/>\n<meta property=\"article:modified_time\" content=\"2023-11-09T18:16:50+00:00\" \/>\n<meta property=\"og:image\" content=\"https:\/\/maxirodriguez.net\/wp-content\/uploads\/2023\/11\/captura-de-pantalla-2023-11-09-a-las-19.08.48-1024x956.png\" \/>\n\t<meta property=\"og:image:width\" content=\"1024\" \/>\n\t<meta property=\"og:image:height\" content=\"956\" \/>\n\t<meta property=\"og:image:type\" content=\"image\/png\" \/>\n<meta name=\"twitter:card\" content=\"summary_large_image\" \/>\n<script type=\"application\/ld+json\" class=\"yoast-schema-graph\">{\"@context\":\"https:\/\/schema.org\",\"@graph\":[{\"@type\":\"WebPage\",\"@id\":\"https:\/\/maxirodriguez.net\/libros\/\",\"url\":\"https:\/\/maxirodriguez.net\/libros\/\",\"name\":\"Libros | Maxi Rodr\u00edguez\",\"isPartOf\":{\"@id\":\"https:\/\/maxirodriguez.net\/#website\"},\"primaryImageOfPage\":{\"@id\":\"https:\/\/maxirodriguez.net\/libros\/#primaryimage\"},\"image\":{\"@id\":\"https:\/\/maxirodriguez.net\/libros\/#primaryimage\"},\"thumbnailUrl\":\"https:\/\/maxirodriguez.net\/wp-content\/uploads\/2023\/11\/captura-de-pantalla-2023-11-09-a-las-19.08.48.png\",\"datePublished\":\"2023-08-09T14:55:48+00:00\",\"dateModified\":\"2023-11-09T18:16:50+00:00\",\"description\":\"Actor, guionista, profesor de comunicaci\u00f3n y expresi\u00f3n dram\u00e1tica y director de escena.\",\"breadcrumb\":{\"@id\":\"https:\/\/maxirodriguez.net\/libros\/#breadcrumb\"},\"inLanguage\":\"en-US\",\"potentialAction\":[{\"@type\":\"ReadAction\",\"target\":[\"https:\/\/maxirodriguez.net\/libros\/\"]}]},{\"@type\":\"ImageObject\",\"inLanguage\":\"en-US\",\"@id\":\"https:\/\/maxirodriguez.net\/libros\/#primaryimage\",\"url\":\"https:\/\/maxirodriguez.net\/wp-content\/uploads\/2023\/11\/captura-de-pantalla-2023-11-09-a-las-19.08.48.png\",\"contentUrl\":\"https:\/\/maxirodriguez.net\/wp-content\/uploads\/2023\/11\/captura-de-pantalla-2023-11-09-a-las-19.08.48.png\",\"width\":1508,\"height\":1408},{\"@type\":\"BreadcrumbList\",\"@id\":\"https:\/\/maxirodriguez.net\/libros\/#breadcrumb\",\"itemListElement\":[{\"@type\":\"ListItem\",\"position\":1,\"name\":\"Inicio\",\"item\":\"https:\/\/maxirodriguez.net\/\"},{\"@type\":\"ListItem\",\"position\":2,\"name\":\"Libros\"}]},{\"@type\":\"WebSite\",\"@id\":\"https:\/\/maxirodriguez.net\/#website\",\"url\":\"https:\/\/maxirodriguez.net\/\",\"name\":\"Maxi Rodr\u00edguez\",\"description\":\"Dramaturgo, actor, guionista, escritor, director de escena...\",\"publisher\":{\"@id\":\"https:\/\/maxirodriguez.net\/#organization\"},\"potentialAction\":[{\"@type\":\"SearchAction\",\"target\":{\"@type\":\"EntryPoint\",\"urlTemplate\":\"https:\/\/maxirodriguez.net\/?s={search_term_string}\"},\"query-input\":{\"@type\":\"PropertyValueSpecification\",\"valueRequired\":true,\"valueName\":\"search_term_string\"}}],\"inLanguage\":\"en-US\"},{\"@type\":\"Organization\",\"@id\":\"https:\/\/maxirodriguez.net\/#organization\",\"name\":\"Maxi Rodr\u00edguez\",\"url\":\"https:\/\/maxirodriguez.net\/\",\"logo\":{\"@type\":\"ImageObject\",\"inLanguage\":\"en-US\",\"@id\":\"https:\/\/maxirodriguez.net\/#\/schema\/logo\/image\/\",\"url\":\"https:\/\/maxirodriguez.net\/wp-content\/uploads\/2023\/11\/captura-de-pantalla-2023-11-09-a-las-19.08.48-1024x956.png\",\"contentUrl\":\"https:\/\/maxirodriguez.net\/wp-content\/uploads\/2023\/11\/captura-de-pantalla-2023-11-09-a-las-19.08.48-1024x956.png\",\"width\":1024,\"height\":956,\"caption\":\"Maxi Rodr\u00edguez\"},\"image\":{\"@id\":\"https:\/\/maxirodriguez.net\/#\/schema\/logo\/image\/\"}}]}<\/script>\n<!-- \/ Yoast SEO plugin. -->","yoast_head_json":{"title":"Libros | Maxi Rodr\u00edguez","description":"Actor, guionista, profesor de comunicaci\u00f3n y expresi\u00f3n dram\u00e1tica y director de escena.","robots":{"index":"index","follow":"follow","max-snippet":"max-snippet:-1","max-image-preview":"max-image-preview:large","max-video-preview":"max-video-preview:-1"},"canonical":"https:\/\/maxirodriguez.net\/en\/books\/","og_locale":"en_US","og_type":"article","og_title":"Libros | Maxi Rodr\u00edguez","og_description":"Actor, guionista, profesor de comunicaci\u00f3n y expresi\u00f3n dram\u00e1tica y director de escena.","og_url":"https:\/\/maxirodriguez.net\/en\/books\/","og_site_name":"Maxi Rodr\u00edguez","article_modified_time":"2023-11-09T18:16:50+00:00","og_image":[{"width":1024,"height":956,"url":"https:\/\/maxirodriguez.net\/wp-content\/uploads\/2023\/11\/captura-de-pantalla-2023-11-09-a-las-19.08.48-1024x956.png","type":"image\/png"}],"twitter_card":"summary_large_image","schema":{"@context":"https:\/\/schema.org","@graph":[{"@type":"WebPage","@id":"https:\/\/maxirodriguez.net\/libros\/","url":"https:\/\/maxirodriguez.net\/libros\/","name":"Libros | Maxi Rodr\u00edguez","isPartOf":{"@id":"https:\/\/maxirodriguez.net\/#website"},"primaryImageOfPage":{"@id":"https:\/\/maxirodriguez.net\/libros\/#primaryimage"},"image":{"@id":"https:\/\/maxirodriguez.net\/libros\/#primaryimage"},"thumbnailUrl":"https:\/\/maxirodriguez.net\/wp-content\/uploads\/2023\/11\/captura-de-pantalla-2023-11-09-a-las-19.08.48.png","datePublished":"2023-08-09T14:55:48+00:00","dateModified":"2023-11-09T18:16:50+00:00","description":"Actor, guionista, profesor de comunicaci\u00f3n y expresi\u00f3n dram\u00e1tica y director de escena.","breadcrumb":{"@id":"https:\/\/maxirodriguez.net\/libros\/#breadcrumb"},"inLanguage":"en-US","potentialAction":[{"@type":"ReadAction","target":["https:\/\/maxirodriguez.net\/libros\/"]}]},{"@type":"ImageObject","inLanguage":"en-US","@id":"https:\/\/maxirodriguez.net\/libros\/#primaryimage","url":"https:\/\/maxirodriguez.net\/wp-content\/uploads\/2023\/11\/captura-de-pantalla-2023-11-09-a-las-19.08.48.png","contentUrl":"https:\/\/maxirodriguez.net\/wp-content\/uploads\/2023\/11\/captura-de-pantalla-2023-11-09-a-las-19.08.48.png","width":1508,"height":1408},{"@type":"BreadcrumbList","@id":"https:\/\/maxirodriguez.net\/libros\/#breadcrumb","itemListElement":[{"@type":"ListItem","position":1,"name":"Inicio","item":"https:\/\/maxirodriguez.net\/"},{"@type":"ListItem","position":2,"name":"Libros"}]},{"@type":"WebSite","@id":"https:\/\/maxirodriguez.net\/#website","url":"https:\/\/maxirodriguez.net\/","name":"Maxi Rodr\u00edguez","description":"Dramaturgo, actor, guionista, escritor, director de escena...","publisher":{"@id":"https:\/\/maxirodriguez.net\/#organization"},"potentialAction":[{"@type":"SearchAction","target":{"@type":"EntryPoint","urlTemplate":"https:\/\/maxirodriguez.net\/?s={search_term_string}"},"query-input":{"@type":"PropertyValueSpecification","valueRequired":true,"valueName":"search_term_string"}}],"inLanguage":"en-US"},{"@type":"Organization","@id":"https:\/\/maxirodriguez.net\/#organization","name":"Maxi Rodr\u00edguez","url":"https:\/\/maxirodriguez.net\/","logo":{"@type":"ImageObject","inLanguage":"en-US","@id":"https:\/\/maxirodriguez.net\/#\/schema\/logo\/image\/","url":"https:\/\/maxirodriguez.net\/wp-content\/uploads\/2023\/11\/captura-de-pantalla-2023-11-09-a-las-19.08.48-1024x956.png","contentUrl":"https:\/\/maxirodriguez.net\/wp-content\/uploads\/2023\/11\/captura-de-pantalla-2023-11-09-a-las-19.08.48-1024x956.png","width":1024,"height":956,"caption":"Maxi Rodr\u00edguez"},"image":{"@id":"https:\/\/maxirodriguez.net\/#\/schema\/logo\/image\/"}}]}},"_links":{"self":[{"href":"https:\/\/maxirodriguez.net\/en\/wp-json\/wp\/v2\/pages\/1169","targetHints":{"allow":["GET"]}}],"collection":[{"href":"https:\/\/maxirodriguez.net\/en\/wp-json\/wp\/v2\/pages"}],"about":[{"href":"https:\/\/maxirodriguez.net\/en\/wp-json\/wp\/v2\/types\/page"}],"author":[{"embeddable":true,"href":"https:\/\/maxirodriguez.net\/en\/wp-json\/wp\/v2\/users\/4"}],"replies":[{"embeddable":true,"href":"https:\/\/maxirodriguez.net\/en\/wp-json\/wp\/v2\/comments?post=1169"}],"version-history":[{"count":5,"href":"https:\/\/maxirodriguez.net\/en\/wp-json\/wp\/v2\/pages\/1169\/revisions"}],"predecessor-version":[{"id":4484,"href":"https:\/\/maxirodriguez.net\/en\/wp-json\/wp\/v2\/pages\/1169\/revisions\/4484"}],"wp:featuredmedia":[{"embeddable":true,"href":"https:\/\/maxirodriguez.net\/en\/wp-json\/wp\/v2\/media\/14097"}],"wp:attachment":[{"href":"https:\/\/maxirodriguez.net\/en\/wp-json\/wp\/v2\/media?parent=1169"}],"curies":[{"name":"wp","href":"https:\/\/api.w.org\/{rel}","templated":true}]}}